{"id":3490,"date":"2026-03-04T16:44:51","date_gmt":"2026-03-04T14:44:51","guid":{"rendered":"https:\/\/shop.dmbrecords.ch\/produkt\/fluffy-machine-beach-wave-cd\/"},"modified":"2026-03-04T16:59:53","modified_gmt":"2026-03-04T14:59:53","slug":"fluffy-machine-beach-wave-cd","status":"publish","type":"product","link":"https:\/\/shop.dmbrecords.ch\/fr\/produit\/fluffy-machine-beach-wave-cd\/","title":{"rendered":"Fluffy Machine &#8211; BEACH \/\/ WAVE (CD)"},"content":{"rendered":"<p>Le quatri\u00e8me album studio de Fluffy Machine en CD.<\/p>\n<p>Chansons :<\/p>\n<ol>\n<li>High on a Beach<\/li>\n<li>Summertime<\/li>\n<li>Beernado<\/li>\n<li>Dragon<\/li>\n<li>Guy in my car<\/li>\n<li>Tout est g\u00e9nial<\/li>\n<li>Memories<\/li>\n<li>Rester serr\u00e9<\/li>\n<li>Tomorrow<\/li>\n<li>Pas la fin<\/li>\n<li>La Vague<\/li>\n<\/ol>\n<p>Chansons 1-10 ( BEACH) : Enregistr\u00e9 par Ludovic Volper (Ondes Records)<br \/>\nSong 11 (WAVE) : Enregistr\u00e9 par James Mottershead<br \/>\nMix\u00e9 au Royaume-Uni par James Mottershead<br \/>\nMasteris\u00e9 en Allemagne par Kevin Tuffy<\/p>\n<p>Label : DMB Records \/ Sortie : 21.03.2026<\/p>\n","protected":false},"excerpt":{"rendered":"<p>Le quatri\u00e8me album studio de Fluffy Machine en CD. Chansons : High on a Beach Summertime Beernado Dragon Guy in my car Tout est g\u00e9nial Memories Rester serr\u00e9 Tomorrow Pas la fin La Vague Chansons 1-10 ( BEACH) : Enregistr\u00e9 par Ludovic Volper (Ondes Records) Song 11 (WAVE) : Enregistr\u00e9 par James Mottershead Mix\u00e9 au [&hellip;]<\/p>\n","protected":false},"featured_media":3484,"template":"","meta":[],"product_brand":[],"product_cat":[327,340,328,326],"product_tag":[],"class_list":{"0":"post-3490","1":"product","2":"type-product","3":"status-publish","4":"has-post-thumbnail","6":"product_cat-cds","7":"product_cat-fluffy-machine","8":"product_cat-groupes","9":"product_cat-musique","11":"first","12":"instock","13":"taxable","14":"shipping-taxable","15":"purchasable","16":"product-type-simple"},"aioseo_notices":[],"_links":{"self":[{"href":"https:\/\/shop.dmbrecords.ch\/fr\/wp-json\/wp\/v2\/product\/3490","targetHints":{"allow":["GET"]}}],"collection":[{"href":"https:\/\/shop.dmbrecords.ch\/fr\/wp-json\/wp\/v2\/product"}],"about":[{"href":"https:\/\/shop.dmbrecords.ch\/fr\/wp-json\/wp\/v2\/types\/product"}],"wp:featuredmedia":[{"embeddable":true,"href":"https:\/\/shop.dmbrecords.ch\/fr\/wp-json\/wp\/v2\/media\/3484"}],"wp:attachment":[{"href":"https:\/\/shop.dmbrecords.ch\/fr\/wp-json\/wp\/v2\/media?parent=3490"}],"wp:term":[{"taxonomy":"product_brand","embeddable":true,"href":"https:\/\/shop.dmbrecords.ch\/fr\/wp-json\/wp\/v2\/product_brand?post=3490"},{"taxonomy":"product_cat","embeddable":true,"href":"https:\/\/shop.dmbrecords.ch\/fr\/wp-json\/wp\/v2\/product_cat?post=3490"},{"taxonomy":"product_tag","embeddable":true,"href":"https:\/\/shop.dmbrecords.ch\/fr\/wp-json\/wp\/v2\/product_tag?post=3490"}],"curies":[{"name":"wp","href":"https:\/\/api.w.org\/{rel}","templated":true}]}}