{"id":3454,"date":"2024-06-18T15:33:49","date_gmt":"2024-06-18T13:33:49","guid":{"rendered":"https:\/\/shop.dmbrecords.ch\/produkt\/blackest-heart-there-will-be-light-lp-12-coeur-le-plus-noir-il-y-aura-de-la-lumiere\/"},"modified":"2026-02-26T14:16:57","modified_gmt":"2026-02-26T12:16:57","slug":"blackest-heart-there-will-be-light-lp-12-coeur-le-plus-noir-il-y-aura-de-la-lumiere","status":"publish","type":"product","link":"https:\/\/shop.dmbrecords.ch\/fr\/produit\/blackest-heart-there-will-be-light-lp-12-coeur-le-plus-noir-il-y-aura-de-la-lumiere\/","title":{"rendered":"Blackest Heart &#8211; There Will Be Light LP 12&#8243; (C\u0153ur le plus noir &#8211; Il y aura de la lumi\u00e8re)"},"content":{"rendered":"<p>A travers la lumi\u00e8re aveuglante, la noirceur de la nuit et le retour : \u00e0 partir de 2024, BLACKEST HEART conquiert la sc\u00e8ne rock moderne avec son EP <em>There Will Be Light<\/em>. Ils naviguent avec force \u00e0 travers divers paysages sonores, sans se laisser limiter par des fronti\u00e8res &#8211; leur devise est : &#8220;Song is King&#8221;. Dans cette nouvelle \u00e8re du rock&#8217;n&#8217;roll, ils fusionnent habilement des \u00e9l\u00e9ments de rock alternatif, de post-hardcore et d&#8217;\u00e9lectro.  <\/p>\n<p>Sortie : 2024 \/ DMB Records<\/p>\n","protected":false},"excerpt":{"rendered":"<p>A travers la lumi\u00e8re aveuglante, la noirceur de la nuit et le retour : \u00e0 partir de 2024, BLACKEST HEART conquiert la sc\u00e8ne rock moderne avec son EP There Will Be Light. Ils naviguent avec force \u00e0 travers divers paysages sonores, sans se laisser limiter par des fronti\u00e8res &#8211; leur devise est : &#8220;Song is [&hellip;]<\/p>\n","protected":false},"featured_media":3455,"template":"","meta":[],"product_brand":[],"product_cat":[371,326,337],"product_tag":[],"class_list":{"0":"post-3454","1":"product","2":"type-product","3":"status-publish","4":"has-post-thumbnail","6":"product_cat-blackest-heart","7":"product_cat-musique","8":"product_cat-vinyle","10":"first","11":"instock","12":"taxable","13":"shipping-taxable","14":"purchasable","15":"product-type-simple"},"aioseo_notices":[],"_links":{"self":[{"href":"https:\/\/shop.dmbrecords.ch\/fr\/wp-json\/wp\/v2\/product\/3454","targetHints":{"allow":["GET"]}}],"collection":[{"href":"https:\/\/shop.dmbrecords.ch\/fr\/wp-json\/wp\/v2\/product"}],"about":[{"href":"https:\/\/shop.dmbrecords.ch\/fr\/wp-json\/wp\/v2\/types\/product"}],"wp:featuredmedia":[{"embeddable":true,"href":"https:\/\/shop.dmbrecords.ch\/fr\/wp-json\/wp\/v2\/media\/3455"}],"wp:attachment":[{"href":"https:\/\/shop.dmbrecords.ch\/fr\/wp-json\/wp\/v2\/media?parent=3454"}],"wp:term":[{"taxonomy":"product_brand","embeddable":true,"href":"https:\/\/shop.dmbrecords.ch\/fr\/wp-json\/wp\/v2\/product_brand?post=3454"},{"taxonomy":"product_cat","embeddable":true,"href":"https:\/\/shop.dmbrecords.ch\/fr\/wp-json\/wp\/v2\/product_cat?post=3454"},{"taxonomy":"product_tag","embeddable":true,"href":"https:\/\/shop.dmbrecords.ch\/fr\/wp-json\/wp\/v2\/product_tag?post=3454"}],"curies":[{"name":"wp","href":"https:\/\/api.w.org\/{rel}","templated":true}]}}