{"id":3451,"date":"2024-06-08T17:33:26","date_gmt":"2024-06-08T15:33:26","guid":{"rendered":"https:\/\/shop.dmbrecords.ch\/produkt\/the-midlandfuckers-tindermatch-ep-10\/"},"modified":"2026-02-26T14:16:55","modified_gmt":"2026-02-26T12:16:55","slug":"the-midlandfuckers-tindermatch-ep-10","status":"publish","type":"product","link":"https:\/\/shop.dmbrecords.ch\/fr\/produit\/the-midlandfuckers-tindermatch-ep-10\/","title":{"rendered":"The Midlandfuckers &#8211; Tindermatch EP (10&#8243;)"},"content":{"rendered":"<div>Le premier EP de The Midlandfuckers, &#8220;Tindermatch&#8221;, est un message contre la soci\u00e9t\u00e9 hypersexualis\u00e9e et les r\u00f4les st\u00e9r\u00e9otyp\u00e9s des genres qui l&#8217;accompagnent.<\/div>\n<div><\/div>\n<div>Tracklist :<br \/>\n1. Milf<br \/>\n2. Times Have Changed<br \/>\n3. Tindermatch<br \/>\n4. Streetkids Song<br \/>\n5. Let Them Suffer<br \/>\n6. Baby Hold My Hand<\/div>\n<div><\/div>\n<div>Publication : 2020<\/div>\n","protected":false},"excerpt":{"rendered":"<p>Le premier EP de The Midlandfuckers, &#8220;Tindermatch&#8221;, est un message contre la soci\u00e9t\u00e9 hypersexualis\u00e9e et les r\u00f4les st\u00e9r\u00e9otyp\u00e9s des genres qui l&#8217;accompagnent. Tracklist : 1. Milf 2. Times Have Changed 3. Tindermatch 4. Streetkids Song 5. Let Them Suffer 6. Baby Hold My Hand Publication : 2020<\/p>\n","protected":false},"featured_media":3450,"template":"","meta":[],"product_brand":[],"product_cat":[326,394,337],"product_tag":[],"class_list":{"0":"post-3451","1":"product","2":"type-product","3":"status-publish","4":"has-post-thumbnail","6":"product_cat-musique","7":"product_cat-the-midlandfuckers","8":"product_cat-vinyle","10":"first","11":"instock","12":"taxable","13":"shipping-taxable","14":"purchasable","15":"product-type-simple"},"aioseo_notices":[],"_links":{"self":[{"href":"https:\/\/shop.dmbrecords.ch\/fr\/wp-json\/wp\/v2\/product\/3451","targetHints":{"allow":["GET"]}}],"collection":[{"href":"https:\/\/shop.dmbrecords.ch\/fr\/wp-json\/wp\/v2\/product"}],"about":[{"href":"https:\/\/shop.dmbrecords.ch\/fr\/wp-json\/wp\/v2\/types\/product"}],"wp:featuredmedia":[{"embeddable":true,"href":"https:\/\/shop.dmbrecords.ch\/fr\/wp-json\/wp\/v2\/media\/3450"}],"wp:attachment":[{"href":"https:\/\/shop.dmbrecords.ch\/fr\/wp-json\/wp\/v2\/media?parent=3451"}],"wp:term":[{"taxonomy":"product_brand","embeddable":true,"href":"https:\/\/shop.dmbrecords.ch\/fr\/wp-json\/wp\/v2\/product_brand?post=3451"},{"taxonomy":"product_cat","embeddable":true,"href":"https:\/\/shop.dmbrecords.ch\/fr\/wp-json\/wp\/v2\/product_cat?post=3451"},{"taxonomy":"product_tag","embeddable":true,"href":"https:\/\/shop.dmbrecords.ch\/fr\/wp-json\/wp\/v2\/product_tag?post=3451"}],"curies":[{"name":"wp","href":"https:\/\/api.w.org\/{rel}","templated":true}]}}