{"id":3448,"date":"2024-06-08T17:31:32","date_gmt":"2024-06-08T15:31:32","guid":{"rendered":"https:\/\/shop.dmbrecords.ch\/produkt\/the-midlandfuckers-cd-bangladeshi-sweatshop\/"},"modified":"2026-02-26T14:16:47","modified_gmt":"2026-02-26T12:16:47","slug":"the-midlandfuckers-cd-bangladeshi-sweatshop","status":"publish","type":"product","link":"https:\/\/shop.dmbrecords.ch\/fr\/produit\/the-midlandfuckers-cd-bangladeshi-sweatshop\/","title":{"rendered":"The Midlandfuckers &#8211; CD Bangladeshi Sweatshop"},"content":{"rendered":"<div>Avec leur premier album studio &#8220;Bangladeshi Sweatshops &#8220;, The Midlandfuckers cimente d\u00e9finitivement le son caract\u00e9ristique du groupe &#8211; fort, critique de la soci\u00e9t\u00e9, dans la gueule !<\/div>\n<div><\/div>\n<div>Liste des pistes :<\/div>\n<div>1. The System<br \/>\n2. Bangladeshi Sweatshops<br \/>\n3. Good Night White Pride<br \/>\n4. My Auntie Is Gay<br \/>\n5. Whore of War<br \/>\n6. Of Lice And Mice<br \/>\n7. Overdose<br \/>\n8. Suicide<br \/>\n9. Nugget<br \/>\n10. Grey Autumn<br \/>\n11. Kill Kenny Kill<br \/>\n12. White Lines<br \/>\n13. Robin des Bois<br \/>\n14. Louie Louie<\/div>\n<div><\/div>\n<div>Publication : 2022<\/div>\n","protected":false},"excerpt":{"rendered":"<p>Avec leur premier album studio &#8220;Bangladeshi Sweatshops &#8220;, The Midlandfuckers cimente d\u00e9finitivement le son caract\u00e9ristique du groupe &#8211; fort, critique de la soci\u00e9t\u00e9, dans la gueule ! Liste des pistes : 1. The System 2. Bangladeshi Sweatshops 3. Good Night White Pride 4. My Auntie Is Gay 5. Whore of War 6. Of Lice And [&hellip;]<\/p>\n","protected":false},"featured_media":3449,"template":"","meta":[],"product_brand":[],"product_cat":[327,326,394],"product_tag":[],"class_list":{"0":"post-3448","1":"product","2":"type-product","3":"status-publish","4":"has-post-thumbnail","6":"product_cat-cds","7":"product_cat-musique","8":"product_cat-the-midlandfuckers","10":"first","11":"instock","12":"taxable","13":"shipping-taxable","14":"purchasable","15":"product-type-simple"},"aioseo_notices":[],"_links":{"self":[{"href":"https:\/\/shop.dmbrecords.ch\/fr\/wp-json\/wp\/v2\/product\/3448","targetHints":{"allow":["GET"]}}],"collection":[{"href":"https:\/\/shop.dmbrecords.ch\/fr\/wp-json\/wp\/v2\/product"}],"about":[{"href":"https:\/\/shop.dmbrecords.ch\/fr\/wp-json\/wp\/v2\/types\/product"}],"wp:featuredmedia":[{"embeddable":true,"href":"https:\/\/shop.dmbrecords.ch\/fr\/wp-json\/wp\/v2\/media\/3449"}],"wp:attachment":[{"href":"https:\/\/shop.dmbrecords.ch\/fr\/wp-json\/wp\/v2\/media?parent=3448"}],"wp:term":[{"taxonomy":"product_brand","embeddable":true,"href":"https:\/\/shop.dmbrecords.ch\/fr\/wp-json\/wp\/v2\/product_brand?post=3448"},{"taxonomy":"product_cat","embeddable":true,"href":"https:\/\/shop.dmbrecords.ch\/fr\/wp-json\/wp\/v2\/product_cat?post=3448"},{"taxonomy":"product_tag","embeddable":true,"href":"https:\/\/shop.dmbrecords.ch\/fr\/wp-json\/wp\/v2\/product_tag?post=3448"}],"curies":[{"name":"wp","href":"https:\/\/api.w.org\/{rel}","templated":true}]}}