{"id":3434,"date":"2021-03-26T08:00:07","date_gmt":"2021-03-26T06:00:07","guid":{"rendered":"https:\/\/shop.dmbrecords.ch\/produkt\/choked-by-gum-la-direction-est-bonne-telecharger\/"},"modified":"2026-02-26T14:16:40","modified_gmt":"2026-02-26T12:16:40","slug":"choked-by-gum-la-direction-est-bonne-telecharger","status":"publish","type":"product","link":"https:\/\/shop.dmbrecords.ch\/fr\/produit\/choked-by-gum-la-direction-est-bonne-telecharger\/","title":{"rendered":"Choked By Gum &#8211; La direction est bonne (T\u00e9l\u00e9charger)"},"content":{"rendered":"<p class=\"p1\">Le groupe punk rock de Fribourg annonce son nouvel album et reste une fois de plus fid\u00e8le \u00e0 son credo <em>le monde est mauvais, la vie reste belle<\/em>.<\/p>\n<p class=\"p1\">Avec 14 chansons, &#8220;Die Richtung Stimmt&#8221; promet d&#8217;\u00eatre l&#8217;album punk qui donne envie de danser, de se tr\u00e9mousser, de chanter et de se d\u00e9fouler apr\u00e8s plus de 12 mois sans concerts !<\/p>\n<p class=\"p1\">Les quatre gar\u00e7ons se sont consacr\u00e9s \u00e0 leur premier album, qui se laisse voir et entendre. Les chansons de Straight Forward sont amusantes et merveilleusement charmantes, ainsi que des morceaux de col\u00e8re et de d\u00e9sespoir sur des sujets importants. Cela donne un m\u00e9lange bien \u00e9quilibr\u00e9 pour chaque humeur. En g\u00e9n\u00e9ral, il y a eu assez de temps pour se reposer, maintenant c&#8217;est la puissance et la vitesse qui sont \u00e0 l&#8217;ordre du jour !   <\/p>\n<p class=\"p1\">Bien que certaines intros de chansons laissent entrevoir une ballade ou un morceau plus calme, la batterie entra\u00eenante et la guitare distordue ne se font pas attendre. Difficile de rester assis sans bouger, le poing sur la table en concert est in\u00e9vitable ! Des refrains pr\u00e9tendument accrocheurs avec un facteur oi ! &amp; mitsing, des chants polyphoniques avec un caract\u00e8re rugueux et \u00e9raill\u00e9, des arrangements habiles et un bon mur du son &#8211; du punk rock avec une pinc\u00e9e de ska, la bonne quantit\u00e9 de pop et l&#8217;un ou l&#8217;autre \u00e9l\u00e9ment hardcore &#8211; La direction est prise !<\/p>\n<p><strong>Liste des pistes<\/strong>:<\/p>\n<ol>\n<li>Addiction au jeu<\/li>\n<li>Bad Bones<\/li>\n<li>La potence de Dieu<\/li>\n<li>Chanson d&#8217;amour<\/li>\n<li>La vie est trop courte<\/li>\n<li>Anti Disney<\/li>\n<li>Cl\u00e9mentine<\/li>\n<li>Chevaux qui vomissent<\/li>\n<li>In Tango With Establishment (Couverture de SkaAll\u00fcren)<\/li>\n<li>Borderland<\/li>\n<li>Dernier tour<\/li>\n<li>Skulls &amp; Blooms<\/li>\n<li>Chanson de fin de parcours<\/li>\n<li>Valse des prol\u00e9taires<\/li>\n<\/ol>\n<p>Label : DMB Records \/ Sortie : 07.05.2021 \/ 14 Chansons<\/p>\n","protected":false},"excerpt":{"rendered":"<p>Le groupe punk rock de Fribourg annonce son nouvel album et reste une fois de plus fid\u00e8le \u00e0 son credo le monde est mauvais, la vie reste belle. Avec 14 chansons, &#8220;Die Richtung Stimmt&#8221; promet d&#8217;\u00eatre l&#8217;album punk qui donne envie de danser, de se tr\u00e9mousser, de chanter et de se d\u00e9fouler apr\u00e8s plus de [&hellip;]<\/p>\n","protected":false},"featured_media":3436,"template":"","meta":[],"product_brand":[],"product_cat":[392,328,326,335],"product_tag":[],"class_list":{"0":"post-3434","1":"product","2":"type-product","3":"status-publish","4":"has-post-thumbnail","6":"product_cat-choked-by-gum","7":"product_cat-groupes","8":"product_cat-musique","9":"product_cat-telechargements","11":"first","12":"instock","13":"downloadable","14":"virtual","15":"taxable","16":"purchasable","17":"product-type-simple"},"aioseo_notices":[],"_links":{"self":[{"href":"https:\/\/shop.dmbrecords.ch\/fr\/wp-json\/wp\/v2\/product\/3434","targetHints":{"allow":["GET"]}}],"collection":[{"href":"https:\/\/shop.dmbrecords.ch\/fr\/wp-json\/wp\/v2\/product"}],"about":[{"href":"https:\/\/shop.dmbrecords.ch\/fr\/wp-json\/wp\/v2\/types\/product"}],"wp:featuredmedia":[{"embeddable":true,"href":"https:\/\/shop.dmbrecords.ch\/fr\/wp-json\/wp\/v2\/media\/3436"}],"wp:attachment":[{"href":"https:\/\/shop.dmbrecords.ch\/fr\/wp-json\/wp\/v2\/media?parent=3434"}],"wp:term":[{"taxonomy":"product_brand","embeddable":true,"href":"https:\/\/shop.dmbrecords.ch\/fr\/wp-json\/wp\/v2\/product_brand?post=3434"},{"taxonomy":"product_cat","embeddable":true,"href":"https:\/\/shop.dmbrecords.ch\/fr\/wp-json\/wp\/v2\/product_cat?post=3434"},{"taxonomy":"product_tag","embeddable":true,"href":"https:\/\/shop.dmbrecords.ch\/fr\/wp-json\/wp\/v2\/product_tag?post=3434"}],"curies":[{"name":"wp","href":"https:\/\/api.w.org\/{rel}","templated":true}]}}