{"id":3385,"date":"2020-08-10T14:17:38","date_gmt":"2020-08-10T14:17:38","guid":{"rendered":"https:\/\/shop.dmbrecords.ch\/produkt\/sweat-a-capuche-canard-kabutt\/"},"modified":"2026-02-26T14:15:58","modified_gmt":"2026-02-26T12:15:58","slug":"sweat-a-capuche-canard-kabutt","status":"publish","type":"product","link":"https:\/\/shop.dmbrecords.ch\/fr\/produit\/sweat-a-capuche-canard-kabutt\/","title":{"rendered":"Sweat \u00e0 capuche Canard KaButt"},"content":{"rendered":"<p>Le l\u00e9gendaire canard de KABUTT en sweat \u00e0 capuche !<\/p>\n","protected":false},"excerpt":{"rendered":"<p>Le l\u00e9gendaire canard de KABUTT en sweat \u00e0 capuche !<\/p>\n","protected":false},"featured_media":3395,"template":"","meta":[],"product_brand":[],"product_cat":[328,387,377,367],"product_tag":[],"class_list":{"0":"post-3385","1":"product","2":"type-product","3":"status-publish","4":"has-post-thumbnail","6":"product_cat-groupes","7":"product_cat-kabutt","8":"product_cat-pulls","9":"product_cat-vetements","10":"pa_groesse-l","11":"pa_groesse-m","12":"pa_groesse-s","13":"pa_groesse-xl","15":"first","16":"instock","17":"taxable","18":"shipping-taxable","19":"purchasable","20":"product-type-variable"},"aioseo_notices":[],"_links":{"self":[{"href":"https:\/\/shop.dmbrecords.ch\/fr\/wp-json\/wp\/v2\/product\/3385","targetHints":{"allow":["GET"]}}],"collection":[{"href":"https:\/\/shop.dmbrecords.ch\/fr\/wp-json\/wp\/v2\/product"}],"about":[{"href":"https:\/\/shop.dmbrecords.ch\/fr\/wp-json\/wp\/v2\/types\/product"}],"wp:featuredmedia":[{"embeddable":true,"href":"https:\/\/shop.dmbrecords.ch\/fr\/wp-json\/wp\/v2\/media\/3395"}],"wp:attachment":[{"href":"https:\/\/shop.dmbrecords.ch\/fr\/wp-json\/wp\/v2\/media?parent=3385"}],"wp:term":[{"taxonomy":"product_brand","embeddable":true,"href":"https:\/\/shop.dmbrecords.ch\/fr\/wp-json\/wp\/v2\/product_brand?post=3385"},{"taxonomy":"product_cat","embeddable":true,"href":"https:\/\/shop.dmbrecords.ch\/fr\/wp-json\/wp\/v2\/product_cat?post=3385"},{"taxonomy":"product_tag","embeddable":true,"href":"https:\/\/shop.dmbrecords.ch\/fr\/wp-json\/wp\/v2\/product_tag?post=3385"}],"curies":[{"name":"wp","href":"https:\/\/api.w.org\/{rel}","templated":true}]}}