{"id":3359,"date":"2020-08-10T09:18:04","date_gmt":"2020-08-10T07:18:04","guid":{"rendered":"https:\/\/shop.dmbrecords.ch\/produkt\/absturtz-alles-bleibt-anders-lp-12-jaune-edition-limitee\/"},"modified":"2026-03-04T16:58:11","modified_gmt":"2026-03-04T14:58:11","slug":"absturtz-alles-bleibt-anders-lp-12-jaune-edition-limitee","status":"publish","type":"product","link":"https:\/\/shop.dmbrecords.ch\/fr\/produit\/absturtz-alles-bleibt-anders-lp-12-jaune-edition-limitee\/","title":{"rendered":"Absturtz &#8211; Alles bleibt anders (LP 12&#8243; jaune, \u00e9dition limit\u00e9e)"},"content":{"rendered":"<p>Le cinqui\u00e8me album studio d&#8217;Absturtz. Vinyle de 180 grammes en \u00e9dition limit\u00e9e jaune. <\/p>\n<p>&#8220;Tout reste diff\u00e9rent&#8221; r\u00e9sume parfaitement ce que nous voulons faire en 2020. Les r\u00eanes du groupe resteront entre les mains des habitu\u00e9s, mais elles seront enrichies de nouveaux rythmes qui \u00e9largiront certainement nos horizons. Avec la prochaine sortie, nous mettons toutes les chances de notre c\u00f4t\u00e9 et poursuivons notre chemin de mani\u00e8re coh\u00e9rente et directe. Tant l&#8217;\u00e9criture que la production sont un pas en avant pour nous en tant que groupe.   <\/p>\n<p>&#8220;Tout reste diff\u00e9rent&#8221; est devenu un album tr\u00e8s \u00e9motionnel et personnel.<\/p>\n<p>Le fil conducteur est l&#8217;intro et la derni\u00e8re chanson acoustique. Des chansons politiques comme &#8220;Tout est perdu&#8221;, &#8220;Humanit\u00e9&#8221;, &#8220;Feu&#8221; ou &#8220;C\u0153ur \u00e0 gauche&#8221; expriment notre stupeur et notre position claire, &#8220;Votre souffrance&#8221; et &#8220;Poulpe&#8221; examinent le traitement des animaux et de la nature. Les th\u00e8mes de l&#8217;amiti\u00e9, de la solidarit\u00e9 et de la perte sont tout aussi importants pour nous dans &#8220;Auf die Freundschaft&#8221;, &#8220;15 Jahre&#8221; et &#8220;Du fehlenst&#8221; et renforcent le caract\u00e8re essentiellement personnel de l&#8217;album. Avec &#8220;Wir drehen durch&#8221; et &#8220;Willkommen im Wochenende&#8221;, il y a encore une charge pour la fraction de f\u00eate.    <\/p>\n<p>Pour nous, &#8220;Tout reste diff\u00e9rent&#8221; est une \u00e9volution aboutie et r\u00e9ussie, et nous esp\u00e9rons continuer \u00e0 \u00eatre entendus.<\/p>\n","protected":false},"excerpt":{"rendered":"<p>Le cinqui\u00e8me album studio d&#8217;Absturtz. Vinyle de 180 grammes en \u00e9dition limit\u00e9e jaune. <\/p>\n","protected":false},"featured_media":3119,"template":"","meta":[],"product_brand":[],"product_cat":[346,337],"product_tag":[],"class_list":{"0":"post-3359","1":"product","2":"type-product","3":"status-publish","4":"has-post-thumbnail","6":"product_cat-absturtz","7":"product_cat-vinyle","9":"first","10":"instock","11":"sale","12":"taxable","13":"shipping-taxable","14":"purchasable","15":"product-type-simple"},"aioseo_notices":[],"_links":{"self":[{"href":"https:\/\/shop.dmbrecords.ch\/fr\/wp-json\/wp\/v2\/product\/3359","targetHints":{"allow":["GET"]}}],"collection":[{"href":"https:\/\/shop.dmbrecords.ch\/fr\/wp-json\/wp\/v2\/product"}],"about":[{"href":"https:\/\/shop.dmbrecords.ch\/fr\/wp-json\/wp\/v2\/types\/product"}],"wp:featuredmedia":[{"embeddable":true,"href":"https:\/\/shop.dmbrecords.ch\/fr\/wp-json\/wp\/v2\/media\/3119"}],"wp:attachment":[{"href":"https:\/\/shop.dmbrecords.ch\/fr\/wp-json\/wp\/v2\/media?parent=3359"}],"wp:term":[{"taxonomy":"product_brand","embeddable":true,"href":"https:\/\/shop.dmbrecords.ch\/fr\/wp-json\/wp\/v2\/product_brand?post=3359"},{"taxonomy":"product_cat","embeddable":true,"href":"https:\/\/shop.dmbrecords.ch\/fr\/wp-json\/wp\/v2\/product_cat?post=3359"},{"taxonomy":"product_tag","embeddable":true,"href":"https:\/\/shop.dmbrecords.ch\/fr\/wp-json\/wp\/v2\/product_tag?post=3359"}],"curies":[{"name":"wp","href":"https:\/\/api.w.org\/{rel}","templated":true}]}}