{"id":3303,"date":"2026-02-04T13:22:31","date_gmt":"2026-02-04T11:22:31","guid":{"rendered":"https:\/\/shop.dmbrecords.ch\/produkt\/hunted-like-thieves-debordement-12\/"},"modified":"2026-02-26T14:14:43","modified_gmt":"2026-02-26T12:14:43","slug":"hunted-like-thieves-debordement-12","status":"publish","type":"product","link":"https:\/\/shop.dmbrecords.ch\/fr\/produit\/hunted-like-thieves-debordement-12\/","title":{"rendered":"Hunted Like Thieves &#8211; D\u00e9bordement (12&#8243;)"},"content":{"rendered":"<p data-start=\"632\" data-end=\"933\">Apr\u00e8s deux albums (&#8220;On The Edge of Giving In&#8221; &#8211; 2021, &#8220;Echoes&#8221; &#8211; 2015) et l&#8217;EP &#8220;Control&#8221; (2017), Hunted Like Thieves revient avec son nouvel album &#8220;Overflow&#8221;, qui sortira \u00e0 l&#8217;automne 2025. Le groupe consid\u00e8re &#8220;Overflow&#8221; comme son \u0153uvre la plus \u00e9labor\u00e9e \u00e0 ce jour sur le plan musical et comme l&#8217;essence de son son. <\/p>\n<p data-start=\"935\" data-end=\"1565\">Le titre de l&#8217;album refl\u00e8te \u00e0 la fois le contenu musical et lyrique. Les textes abordent les \u00e9tats \u00e9motionnels des r\u00e9alit\u00e9s de la vie moderne : Le surmenage dans un monde de plus en plus complexe et souvent pesant et les tensions d&#8217;une soci\u00e9t\u00e9 multi-options qui sugg\u00e8re des possibilit\u00e9s illimit\u00e9es tout en risquant de perdre son propre soi. En m\u00eame temps, &#8220;Overflow&#8221; repr\u00e9sente ce que la musique peut v\u00e9hiculer : L&#8217;enthousiasme, les \u00e9motions intenses, mais aussi la tristesse, la m\u00e9lancolie et le d\u00e9sespoir. Les chansons concentrent ces contrastes comme une expression cathartique &#8211; directe, sans filtre et d\u00e9lib\u00e9r\u00e9ment \u00e9motionnelle.   <\/p>\n<p data-start=\"935\" data-end=\"1565\">Liste des pistes :<\/p>\n<ol>\n<li data-start=\"935\" data-end=\"1565\">Testament<\/li>\n<li data-start=\"935\" data-end=\"1565\">Soilseeker<\/li>\n<li data-start=\"935\" data-end=\"1565\">Gravit\u00e9<\/li>\n<li data-start=\"935\" data-end=\"1565\">D\u00e9bordement<\/li>\n<\/ol>\n<p>Label : DMB Records \/ Sortie : 21.11.2025<\/p>\n","protected":false},"excerpt":{"rendered":"<p>Apr\u00e8s deux albums (&#8220;On The Edge of Giving In&#8221; &#8211; 2021, &#8220;Echoes&#8221; &#8211; 2015) et l&#8217;EP &#8220;Control&#8221; (2017), Hunted Like Thieves revient avec son nouvel album &#8220;Overflow&#8221;, qui sortira \u00e0 l&#8217;automne 2025. Le groupe consid\u00e8re &#8220;Overflow&#8221; comme son \u0153uvre la plus \u00e9labor\u00e9e \u00e0 ce jour sur le plan musical et comme l&#8217;essence de son son. [&hellip;]<\/p>\n","protected":false},"featured_media":3304,"template":"","meta":[],"product_brand":[],"product_cat":[328,326,337],"product_tag":[],"class_list":{"0":"post-3303","1":"product","2":"type-product","3":"status-publish","4":"has-post-thumbnail","6":"product_cat-groupes","7":"product_cat-musique","8":"product_cat-vinyle","10":"first","11":"instock","12":"taxable","13":"shipping-taxable","14":"purchasable","15":"product-type-simple"},"aioseo_notices":[],"_links":{"self":[{"href":"https:\/\/shop.dmbrecords.ch\/fr\/wp-json\/wp\/v2\/product\/3303","targetHints":{"allow":["GET"]}}],"collection":[{"href":"https:\/\/shop.dmbrecords.ch\/fr\/wp-json\/wp\/v2\/product"}],"about":[{"href":"https:\/\/shop.dmbrecords.ch\/fr\/wp-json\/wp\/v2\/types\/product"}],"wp:featuredmedia":[{"embeddable":true,"href":"https:\/\/shop.dmbrecords.ch\/fr\/wp-json\/wp\/v2\/media\/3304"}],"wp:attachment":[{"href":"https:\/\/shop.dmbrecords.ch\/fr\/wp-json\/wp\/v2\/media?parent=3303"}],"wp:term":[{"taxonomy":"product_brand","embeddable":true,"href":"https:\/\/shop.dmbrecords.ch\/fr\/wp-json\/wp\/v2\/product_brand?post=3303"},{"taxonomy":"product_cat","embeddable":true,"href":"https:\/\/shop.dmbrecords.ch\/fr\/wp-json\/wp\/v2\/product_cat?post=3303"},{"taxonomy":"product_tag","embeddable":true,"href":"https:\/\/shop.dmbrecords.ch\/fr\/wp-json\/wp\/v2\/product_tag?post=3303"}],"curies":[{"name":"wp","href":"https:\/\/api.w.org\/{rel}","templated":true}]}}