{"id":3301,"date":"2025-06-27T09:38:38","date_gmt":"2025-06-27T07:38:38","guid":{"rendered":"https:\/\/shop.dmbrecords.ch\/produkt\/hateful-monday-the-great-nothing-lp-12\/"},"modified":"2026-03-04T09:23:35","modified_gmt":"2026-03-04T07:23:35","slug":"hateful-monday-the-great-nothing-lp-12","status":"publish","type":"product","link":"https:\/\/shop.dmbrecords.ch\/fr\/produit\/hateful-monday-the-great-nothing-lp-12\/","title":{"rendered":"Hateful Monday &#8211; The Great Nothing (LP 12&#8243;)"},"content":{"rendered":"<p>Hateful Monday catapulte son skatepunk dans les recoins les plus recul\u00e9s du cosmos et vous invite \u00e0 une odyss\u00e9e entre r\u00e9flexion quantique et ab\u00eeme enivrant de l&#8217;infini. Le quatuor suisse, phare de la sc\u00e8ne skatepunk internationale, revient avec <em data-start=\"1385\" data-end=\"1404\">The Great Nothing<\/em>, un disque aussi ambitieux qu&#8217;intransigeant. Avec des guitares aiguis\u00e9es comme des rasoirs, des m\u00e9lodies ent\u00eatantes et des paroles qui se d\u00e9ploient sur plusieurs niveaux de sens, ils livrent un chef-d&#8217;\u0153uvre sonore &#8211; une \u00e9tape audacieuse dans leur discographie d\u00e9j\u00e0 impressionnante.  <\/p>\n<p>Pistes :<\/p>\n<ol>\n<li data-start=\"78\" data-end=\"115\">\n<p data-start=\"81\" data-end=\"115\">Pure State of the Quantum System<\/p>\n<\/li>\n<li data-start=\"116\" data-end=\"141\">\n<p data-start=\"119\" data-end=\"141\">The Sum of Our Parts<\/p>\n<\/li>\n<li data-start=\"142\" data-end=\"163\">\n<p data-start=\"145\" data-end=\"163\">The Great Filter<\/p>\n<\/li>\n<li data-start=\"164\" data-end=\"211\">\n<p data-start=\"167\" data-end=\"211\">The Things That Could and Should Have Been<\/p>\n<\/li>\n<li data-start=\"212\" data-end=\"278\">\n<p data-start=\"215\" data-end=\"278\">We Are All the Sons and Daughters of Lamarck and Schopenhauer<\/p>\n<\/li>\n<li data-start=\"279\" data-end=\"303\">\n<p data-start=\"282\" data-end=\"303\">Up the (Skate)Punx!<\/p>\n<\/li>\n<li data-start=\"304\" data-end=\"323\">\n<p data-start=\"307\" data-end=\"323\">Godless Virtue<\/p>\n<\/li>\n<li data-start=\"324\" data-end=\"342\">\n<p data-start=\"327\" data-end=\"342\">Poison People<\/p>\n<\/li>\n<li data-start=\"343\" data-end=\"358\">\n<p data-start=\"346\" data-end=\"358\">Last Words<\/p>\n<\/li>\n<li data-start=\"359\" data-end=\"393\">\n<p data-start=\"363\" data-end=\"393\">Tofu Fighters (Learn to Fry)<\/p>\n<\/li>\n<li data-start=\"394\" data-end=\"423\">\n<p data-start=\"398\" data-end=\"423\">The Voice of Opposition<\/p>\n<\/li>\n<li data-start=\"424\" data-end=\"440\">\n<p data-start=\"428\" data-end=\"440\">Passengers<\/p>\n<\/li>\n<li data-start=\"441\" data-end=\"474\">\n<p data-start=\"445\" data-end=\"474\">Mid\u2011Life Crisis Social Club<\/p>\n<\/li>\n<li data-start=\"475\" data-end=\"489\">\n<p data-start=\"479\" data-end=\"489\">Antitheist<\/p>\n<\/li>\n<\/ol>\n<p>Label : DMB Records, Kicking Records &amp; Audio Slam Records \/ Sortie : 25.04.2025<\/p>\n","protected":false},"excerpt":{"rendered":"<p>Hateful Monday catapulte son skatepunk dans les recoins les plus recul\u00e9s du cosmos et vous invite \u00e0 une odyss\u00e9e entre r\u00e9flexion quantique et ab\u00eeme enivrant de l&#8217;infini. Le quatuor suisse, phare de la sc\u00e8ne skatepunk internationale, revient avec The Great Nothing, un disque aussi ambitieux qu&#8217;intransigeant. Avec des guitares aiguis\u00e9es comme des rasoirs, des m\u00e9lodies [&hellip;]<\/p>\n","protected":false},"featured_media":3302,"template":"","meta":[],"product_brand":[],"product_cat":[380,326,337],"product_tag":[],"class_list":{"0":"post-3301","1":"product","2":"type-product","3":"status-publish","4":"has-post-thumbnail","6":"product_cat-hateful-monday","7":"product_cat-musique","8":"product_cat-vinyle","10":"first","11":"instock","12":"taxable","13":"shipping-taxable","14":"purchasable","15":"product-type-simple"},"aioseo_notices":[],"_links":{"self":[{"href":"https:\/\/shop.dmbrecords.ch\/fr\/wp-json\/wp\/v2\/product\/3301","targetHints":{"allow":["GET"]}}],"collection":[{"href":"https:\/\/shop.dmbrecords.ch\/fr\/wp-json\/wp\/v2\/product"}],"about":[{"href":"https:\/\/shop.dmbrecords.ch\/fr\/wp-json\/wp\/v2\/types\/product"}],"wp:featuredmedia":[{"embeddable":true,"href":"https:\/\/shop.dmbrecords.ch\/fr\/wp-json\/wp\/v2\/media\/3302"}],"wp:attachment":[{"href":"https:\/\/shop.dmbrecords.ch\/fr\/wp-json\/wp\/v2\/media?parent=3301"}],"wp:term":[{"taxonomy":"product_brand","embeddable":true,"href":"https:\/\/shop.dmbrecords.ch\/fr\/wp-json\/wp\/v2\/product_brand?post=3301"},{"taxonomy":"product_cat","embeddable":true,"href":"https:\/\/shop.dmbrecords.ch\/fr\/wp-json\/wp\/v2\/product_cat?post=3301"},{"taxonomy":"product_tag","embeddable":true,"href":"https:\/\/shop.dmbrecords.ch\/fr\/wp-json\/wp\/v2\/product_tag?post=3301"}],"curies":[{"name":"wp","href":"https:\/\/api.w.org\/{rel}","templated":true}]}}