{"id":3291,"date":"2026-04-04T13:30:47","date_gmt":"2026-04-04T11:30:47","guid":{"rendered":"https:\/\/shop.dmbrecords.ch\/produkt\/burning-fuses-feed-me-12\/"},"modified":"2026-03-04T09:25:07","modified_gmt":"2026-03-04T07:25:07","slug":"burning-fuses-feed-me-12","status":"publish","type":"product","link":"https:\/\/shop.dmbrecords.ch\/fr\/produit\/burning-fuses-feed-me-12\/","title":{"rendered":"Burning Fuses &#8211; Feed Me (12&#8243;)"},"content":{"rendered":"<p data-start=\"147\" data-end=\"636\">La quatri\u00e8me sortie studio du groupe comprend six chansons, enregistr\u00e9es en direct \u00e0 SOS Basement. Fort, sale et rapide. &#8220;Feed Me&#8221; est synonyme d&#8217;\u00e9nergie brute, de performance directe et d&#8217;un son que Burning Fuses qualifie lui-m\u00eame de &#8220;noise, grunge, punk&#8221;. Burning Fuses, ce sont trois gar\u00e7ons de Berne dont le son fait sauter les plombs depuis des ann\u00e9es. Ne vous inqui\u00e9tez pas, les fusibles sont constamment remplac\u00e9s. Leur son ressemble \u00e0 un bruit organis\u00e9 et vari\u00e9, avec quelques surprises, et rappelle les ann\u00e9es quatre-vingt-dix.     <\/p>\n<p data-start=\"638\" data-end=\"654\"><strong data-start=\"638\" data-end=\"652\">Tracklist:<\/strong><\/p>\n<ol data-start=\"655\" data-end=\"745\">\n<li data-start=\"655\" data-end=\"667\">\n<p data-start=\"658\" data-end=\"667\">Carpark<\/p>\n<\/li>\n<li data-start=\"668\" data-end=\"686\">\n<p data-start=\"671\" data-end=\"686\">In a Nutshell<\/p>\n<\/li>\n<li data-start=\"687\" data-end=\"704\">\n<p data-start=\"690\" data-end=\"704\">Man In Stone<\/p>\n<\/li>\n<li data-start=\"705\" data-end=\"715\">\n<p data-start=\"708\" data-end=\"715\">Smile<\/p>\n<\/li>\n<li data-start=\"716\" data-end=\"728\">\n<p data-start=\"719\" data-end=\"728\">Selfish<\/p>\n<\/li>\n<li data-start=\"729\" data-end=\"745\">\n<p data-start=\"732\" data-end=\"745\">Holiday Man<\/p>\n<\/li>\n<\/ol>\n<p data-start=\"747\" data-end=\"795\">Label : DMB Records \/ Sortie : 18.04.2026<\/p>\n","protected":false},"excerpt":{"rendered":"<p>La quatri\u00e8me sortie studio du groupe comprend six chansons, enregistr\u00e9es en direct \u00e0 SOS Basement. Fort, sale et rapide. &#8220;Feed Me&#8221; est synonyme d&#8217;\u00e9nergie brute, de performance directe et d&#8217;un son que Burning Fuses qualifie lui-m\u00eame de &#8220;noise, grunge, punk&#8221;. Burning Fuses, ce sont trois gar\u00e7ons de Berne dont le son fait sauter les plombs [&hellip;]<\/p>\n","protected":false},"featured_media":3294,"template":"","meta":[],"product_brand":[],"product_cat":[355,328,326,337],"product_tag":[],"class_list":{"0":"post-3291","1":"product","2":"type-product","3":"status-publish","4":"has-post-thumbnail","6":"product_cat-burning-fuses","7":"product_cat-groupes","8":"product_cat-musique","9":"product_cat-vinyle","11":"first","12":"instock","13":"taxable","14":"shipping-taxable","15":"purchasable","16":"product-type-simple"},"aioseo_notices":[],"_links":{"self":[{"href":"https:\/\/shop.dmbrecords.ch\/fr\/wp-json\/wp\/v2\/product\/3291","targetHints":{"allow":["GET"]}}],"collection":[{"href":"https:\/\/shop.dmbrecords.ch\/fr\/wp-json\/wp\/v2\/product"}],"about":[{"href":"https:\/\/shop.dmbrecords.ch\/fr\/wp-json\/wp\/v2\/types\/product"}],"wp:featuredmedia":[{"embeddable":true,"href":"https:\/\/shop.dmbrecords.ch\/fr\/wp-json\/wp\/v2\/media\/3294"}],"wp:attachment":[{"href":"https:\/\/shop.dmbrecords.ch\/fr\/wp-json\/wp\/v2\/media?parent=3291"}],"wp:term":[{"taxonomy":"product_brand","embeddable":true,"href":"https:\/\/shop.dmbrecords.ch\/fr\/wp-json\/wp\/v2\/product_brand?post=3291"},{"taxonomy":"product_cat","embeddable":true,"href":"https:\/\/shop.dmbrecords.ch\/fr\/wp-json\/wp\/v2\/product_cat?post=3291"},{"taxonomy":"product_tag","embeddable":true,"href":"https:\/\/shop.dmbrecords.ch\/fr\/wp-json\/wp\/v2\/product_tag?post=3291"}],"curies":[{"name":"wp","href":"https:\/\/api.w.org\/{rel}","templated":true}]}}