{"id":3287,"date":"2026-02-13T13:33:40","date_gmt":"2026-02-13T11:33:40","guid":{"rendered":"https:\/\/shop.dmbrecords.ch\/produkt\/must-be-wrong-fools-paradise-12-vert\/"},"modified":"2026-02-26T14:14:38","modified_gmt":"2026-02-26T12:14:38","slug":"must-be-wrong-fools-paradise-12-vert","status":"publish","type":"product","link":"https:\/\/shop.dmbrecords.ch\/fr\/produit\/must-be-wrong-fools-paradise-12-vert\/","title":{"rendered":"Must Be Wrong &#8211; Fools Paradise (12&#8243;, vert)"},"content":{"rendered":"<div class=\"flex flex-col text-sm pb-25\">\n<article class=\"text-token-text-primary w-full focus:outline-none [--shadow-height:45px] has-data-writing-block:pointer-events-none has-data-writing-block:-mt-(--shadow-height) has-data-writing-block:pt-(--shadow-height) [&amp;:has([data-writing-block])&gt;*]:pointer-events-auto scroll-mt-[calc(var(--header-height)+min(200px,max(70px,20svh)))]\" dir=\"auto\" tabindex=\"-1\" data-turn-id=\"03a728e1-7ecb-4a1e-97d5-72e5a8b990c0\" data-testid=\"conversation-turn-24\" data-scroll-anchor=\"true\" data-turn=\"assistant\">\n<div class=\"text-base my-auto mx-auto pb-10 [--thread-content-margin:--spacing(4)] @w-sm\/main:[--thread-content-margin:--spacing(6)] @w-lg\/main:[--thread-content-margin:--spacing(16)] px-(--thread-content-margin)\">\n<div class=\"[--thread-content-max-width:40rem] @w-lg\/main:[--thread-content-max-width:48rem] mx-auto max-w-(--thread-content-max-width) flex-1 group\/turn-messages focus-visible:outline-hidden relative flex w-full min-w-0 flex-col agent-turn\" tabindex=\"-1\">\n<div class=\"flex max-w-full flex-col grow\">\n<div class=\"min-h-8 text-message relative flex w-full flex-col items-end gap-2 text-start break-words whitespace-normal [.text-message+&amp;]:mt-1\" dir=\"auto\" data-message-author-role=\"assistant\" data-message-id=\"399a7654-6b23-4498-86af-1897ee7e1fdf\" data-message-model-slug=\"gpt-5-2\">\n<div class=\"flex w-full flex-col gap-1 empty:hidden first:pt-[1px]\">\n<div class=\"markdown prose dark:prose-invert w-full wrap-break-word dark markdown-new-styling\">\n<p data-start=\"41\" data-end=\"57\"><a href=\"https:\/\/shop.dmbrecords.ch\/versand\/\">Pr\u00e9commande<\/a>, l&#8217;article sera exp\u00e9di\u00e9 le 13.3.2026 !<\/p>\n<p data-start=\"41\" data-end=\"57\"><strong data-start=\"41\" data-end=\"55\">Liste des pistes :<\/strong><\/p>\n<ol data-start=\"58\" data-end=\"280\">\n<li data-start=\"58\" data-end=\"73\">\n<p data-start=\"61\" data-end=\"73\">&#8230;mendacium<\/p>\n<\/li>\n<li data-start=\"74\" data-end=\"91\">\n<p data-start=\"77\" data-end=\"91\">Pearly Gates<\/p>\n<\/li>\n<li data-start=\"92\" data-end=\"109\">\n<p data-start=\"95\" data-end=\"109\">Words Untold<\/p>\n<\/li>\n<li data-start=\"110\" data-end=\"129\">\n<p data-start=\"113\" data-end=\"129\">Fools Paradise<\/p>\n<\/li>\n<li data-start=\"130\" data-end=\"155\">\n<p data-start=\"133\" data-end=\"155\">Le\u00e7ons de vie pour adolescents<\/p>\n<\/li>\n<li data-start=\"156\" data-end=\"171\">\n<p data-start=\"159\" data-end=\"171\">Partie de moi<\/p>\n<\/li>\n<li data-start=\"172\" data-end=\"193\">\n<p data-start=\"175\" data-end=\"193\">Longing for Love<\/p>\n<\/li>\n<li data-start=\"194\" data-end=\"214\">\n<p data-start=\"197\" data-end=\"214\">Voice Like Mine<\/p>\n<\/li>\n<li data-start=\"215\" data-end=\"229\">\n<p data-start=\"218\" data-end=\"229\">Interlude<\/p>\n<\/li>\n<li data-start=\"230\" data-end=\"280\">\n<p data-start=\"234\" data-end=\"280\">The Silent Price We Pay (feat. Lukas Villiger)<\/p>\n<\/li>\n<\/ol>\n<p data-start=\"282\" data-end=\"330\" data-is-last-node=\"\" data-is-only-node=\"\">Label : DMB Records \/ Sortie : 13.03.2026<\/p>\n<\/div>\n<\/div>\n<\/div>\n<\/div>\n<\/div>\n<\/div>\n<\/article>\n<\/div>\n<div class=\"pointer-events-none h-px w-px absolute bottom-0\" aria-hidden=\"true\" data-edge=\"true\"><\/div>\n","protected":false},"excerpt":{"rendered":"<p>Pr\u00e9commande, l&#8217;article sera exp\u00e9di\u00e9 le 13.3.2026 ! Liste des pistes : &#8230;mendacium Pearly Gates Words Untold Fools Paradise Le\u00e7ons de vie pour adolescents Partie de moi Longing for Love Voice Like Mine Interlude The Silent Price We Pay (feat. Lukas Villiger) Label : DMB Records \/ Sortie : 13.03.2026<\/p>\n","protected":false},"featured_media":3289,"template":"","meta":[],"product_brand":[],"product_cat":[328,326,379,337],"product_tag":[],"class_list":{"0":"post-3287","1":"product","2":"type-product","3":"status-publish","4":"has-post-thumbnail","6":"product_cat-groupes","7":"product_cat-musique","8":"product_cat-must-be-wrong","9":"product_cat-vinyle","11":"first","12":"instock","13":"taxable","14":"shipping-taxable","15":"purchasable","16":"product-type-simple"},"aioseo_notices":[],"_links":{"self":[{"href":"https:\/\/shop.dmbrecords.ch\/fr\/wp-json\/wp\/v2\/product\/3287","targetHints":{"allow":["GET"]}}],"collection":[{"href":"https:\/\/shop.dmbrecords.ch\/fr\/wp-json\/wp\/v2\/product"}],"about":[{"href":"https:\/\/shop.dmbrecords.ch\/fr\/wp-json\/wp\/v2\/types\/product"}],"wp:featuredmedia":[{"embeddable":true,"href":"https:\/\/shop.dmbrecords.ch\/fr\/wp-json\/wp\/v2\/media\/3289"}],"wp:attachment":[{"href":"https:\/\/shop.dmbrecords.ch\/fr\/wp-json\/wp\/v2\/media?parent=3287"}],"wp:term":[{"taxonomy":"product_brand","embeddable":true,"href":"https:\/\/shop.dmbrecords.ch\/fr\/wp-json\/wp\/v2\/product_brand?post=3287"},{"taxonomy":"product_cat","embeddable":true,"href":"https:\/\/shop.dmbrecords.ch\/fr\/wp-json\/wp\/v2\/product_cat?post=3287"},{"taxonomy":"product_tag","embeddable":true,"href":"https:\/\/shop.dmbrecords.ch\/fr\/wp-json\/wp\/v2\/product_tag?post=3287"}],"curies":[{"name":"wp","href":"https:\/\/api.w.org\/{rel}","templated":true}]}}