{"id":3278,"date":"2025-02-10T08:00:45","date_gmt":"2025-02-10T06:00:45","guid":{"rendered":"https:\/\/shop.dmbrecords.ch\/produkt\/zirka-tout-sauf-le-silence-cd\/"},"modified":"2026-03-17T14:51:37","modified_gmt":"2026-03-17T12:51:37","slug":"zirka-tout-sauf-le-silence-cd","status":"publish","type":"product","link":"https:\/\/shop.dmbrecords.ch\/fr\/produit\/zirka-tout-sauf-le-silence-cd\/","title":{"rendered":"Zirka &#8211; Alles ausser Stille (CD)"},"content":{"rendered":"<p>Le silence a longtemps r\u00e9gn\u00e9&#8230; maintenant le bruit revient !<\/p>\n<p>Avec son nouvel album <em>Alles ausser Stille<\/em>, le groupe de punk rock ZiRKA fait un retour en force \u00e0 l&#8217;occasion de son 20e anniversaire. Apr\u00e8s les pr\u00e9c\u00e9dents albums acclam\u00e9s <em>Wir sterben leise<\/em> et <em>Wer schreit, l\u00fcgt nicht<\/em>, le groupe poursuit r\u00e9solument son style reconnaissable entre tous, tout en osant de nouveaux accents. Inspir\u00e9s par le punk am\u00e9ricain et allemand, ainsi que par une touche de culture pop moderne, les chansons combinent des m\u00e9lodies accrocheuses, des messages puissants et des riffs \u00e9nergiques.  <\/p>\n<p>ZiRKA reste fid\u00e8le \u00e0 sa r\u00e9putation d&#8217;analyser des sujets de soci\u00e9t\u00e9 avec un regard lucide et de les traiter musicalement. Sur <em>Alles ausser Stille<\/em>, les 13 titres traitent notamment de la crise climatique (&#8220;Kein Plan B&#8221;) et de la mont\u00e9e de l&#8217;extr\u00eame droite en Europe (&#8220;Realit\u00e4t&#8221;). En m\u00eame temps, l&#8217;album laisse place \u00e0 des histoires personnelles, comme dans &#8220;Du bleibst&#8221;, un hommage \u00e9mouvant \u00e0 un ami d\u00e9c\u00e9d\u00e9 du groupe, ou &#8220;Schwarzes Rauschen&#8221;, dans lequel le chanteur \u00e9voque \u00e0 nouveau son exp\u00e9rience de la d\u00e9pression dans une chanson personnelle.  <\/p>\n<p>Les chansons ont \u00e9t\u00e9 cr\u00e9\u00e9es dans la salle de r\u00e9p\u00e9tition de ZiRKA \u00e0 M\u00fcnsingen, o\u00f9 les premi\u00e8res d\u00e9mos ont \u00e9t\u00e9 enregistr\u00e9es. Le producteur Nico Feelisch a apport\u00e9 sa contribution cr\u00e9ative avant que les morceaux ne soient peaufin\u00e9s au &#8220;Rock or Die Studio&#8221; \u00e0 D\u00fcsseldorf. Le producteur Michael Czernicki, connu pour son travail avec le groupe punk &#8220;Rogers&#8221;, s&#8217;est charg\u00e9 de l&#8217;enregistrement, du mixage et du mastering.  <\/p>\n<p>Le titre de l&#8217;album &#8220;Alles ausser Stille&#8221; est une d\u00e9claration \u00e0 plusieurs niveaux : il repr\u00e9sente la r\u00e9sistance contre les injustices sociales, l&#8217;\u00e9vasion du vide int\u00e9rieur et l&#8217;attitude de ZiRKA &#8211; regarder, faire du bruit, ne pas se r\u00e9signer. Avec un m\u00e9lange d&#8217;\u00e9nergie, de m\u00e9lodie et de profondeur, l&#8217;album invite \u00e0 l&#8217;\u00e9coute, \u00e0 l&#8217;empathie et \u00e0 la r\u00e9flexion, tout en honorant les racines du groupe et en ouvrant de nouveaux horizons. Pr\u00eat \u00e0 briser le silence ?  <\/p>\n<p>CD en digipack avec un livret de huit pages.<\/p>\n<p>Liste des pistes :<\/p>\n<ol>\n<li>Fuchur<\/li>\n<li>Alles tragen<\/li>\n<li>Ich tanze nur f\u00fcr dich<\/li>\n<li>Kein Plan B<\/li>\n<li>Nicht alles ver\u00e4ndert sich<\/li>\n<li>Roter Pfeil<\/li>\n<li>Schwarzes Rauschen<\/li>\n<li>Wir sind immer noch da<\/li>\n<li>Realit\u00e4t<\/li>\n<li>Du bleibst<\/li>\n<li>Du klopfst bei mir an<\/li>\n<li>Jetzt nicht sterben<\/li>\n<li>Die Guten<\/li>\n<\/ol>\n<p>Date de sortie : 11.04.2025 \/ Label : DMB Records<\/p>\n","protected":false},"excerpt":{"rendered":"<p>Le silence a longtemps r\u00e9gn\u00e9&#8230; maintenant le bruit revient ! Avec son nouvel album Alles ausser Stille, le groupe de punk rock ZiRKA fait un retour en force \u00e0 l&#8217;occasion de son 20e anniversaire. Apr\u00e8s les pr\u00e9c\u00e9dents albums acclam\u00e9s Wir sterben leise et Wer schreit, l\u00fcgt nicht, le groupe poursuit r\u00e9solument son style reconnaissable entre [&hellip;]<\/p>\n","protected":false},"featured_media":3275,"template":"","meta":[],"product_brand":[],"product_cat":[327,328,326,329],"product_tag":[],"class_list":{"0":"post-3278","1":"product","2":"type-product","3":"status-publish","4":"has-post-thumbnail","6":"product_cat-cds","7":"product_cat-groupes","8":"product_cat-musique","9":"product_cat-zirka","11":"first","12":"instock","13":"taxable","14":"shipping-taxable","15":"purchasable","16":"product-type-simple"},"aioseo_notices":[],"_links":{"self":[{"href":"https:\/\/shop.dmbrecords.ch\/fr\/wp-json\/wp\/v2\/product\/3278","targetHints":{"allow":["GET"]}}],"collection":[{"href":"https:\/\/shop.dmbrecords.ch\/fr\/wp-json\/wp\/v2\/product"}],"about":[{"href":"https:\/\/shop.dmbrecords.ch\/fr\/wp-json\/wp\/v2\/types\/product"}],"wp:featuredmedia":[{"embeddable":true,"href":"https:\/\/shop.dmbrecords.ch\/fr\/wp-json\/wp\/v2\/media\/3275"}],"wp:attachment":[{"href":"https:\/\/shop.dmbrecords.ch\/fr\/wp-json\/wp\/v2\/media?parent=3278"}],"wp:term":[{"taxonomy":"product_brand","embeddable":true,"href":"https:\/\/shop.dmbrecords.ch\/fr\/wp-json\/wp\/v2\/product_brand?post=3278"},{"taxonomy":"product_cat","embeddable":true,"href":"https:\/\/shop.dmbrecords.ch\/fr\/wp-json\/wp\/v2\/product_cat?post=3278"},{"taxonomy":"product_tag","embeddable":true,"href":"https:\/\/shop.dmbrecords.ch\/fr\/wp-json\/wp\/v2\/product_tag?post=3278"}],"curies":[{"name":"wp","href":"https:\/\/api.w.org\/{rel}","templated":true}]}}