{"id":3258,"date":"2024-06-20T12:02:09","date_gmt":"2024-06-20T10:02:09","guid":{"rendered":"https:\/\/shop.dmbrecords.ch\/produkt\/mamba-bites-spark-in-the-dark-lp-12-transparent-pink\/"},"modified":"2026-02-26T14:14:15","modified_gmt":"2026-02-26T12:14:15","slug":"mamba-bites-spark-in-the-dark-lp-12-transparent-pink","status":"publish","type":"product","link":"https:\/\/shop.dmbrecords.ch\/fr\/produit\/mamba-bites-spark-in-the-dark-lp-12-transparent-pink\/","title":{"rendered":"Mamba Bites &#8211; Spark in the Dark (LP 12&#8243; transparent-pink)"},"content":{"rendered":"<ol>\n<li data-start=\"57\" data-end=\"72\">\n<p data-start=\"60\" data-end=\"72\">D\u00e9mons Out<\/p>\n<\/li>\n<li data-start=\"73\" data-end=\"87\">\n<p data-start=\"76\" data-end=\"87\">Holy Moon<\/p>\n<\/li>\n<li data-start=\"88\" data-end=\"107\">\n<p data-start=\"91\" data-end=\"107\">M\u00e9taphores mortes<\/p>\n<\/li>\n<li data-start=\"108\" data-end=\"124\">\n<p data-start=\"111\" data-end=\"124\">Meant to be<\/p>\n<\/li>\n<li data-start=\"125\" data-end=\"146\">\n<p data-start=\"128\" data-end=\"146\">Blessures r\u00e9gl\u00e9es<\/p>\n<\/li>\n<li data-start=\"147\" data-end=\"155\" data-is-last-node=\"\">\n<p data-start=\"150\" data-end=\"155\" data-is-last-node=\"\">Raven<\/p>\n<\/li>\n<\/ol>\n<p>Sortie 20.06.2024 \/ Label : DMB Records &amp; Inhumano<\/p>\n","protected":false},"excerpt":{"rendered":"<p>D\u00e9mons Out Holy Moon M\u00e9taphores mortes Meant to be Blessures r\u00e9gl\u00e9es Raven Sortie 20.06.2024 \/ Label : DMB Records &amp; Inhumano<\/p>\n","protected":false},"featured_media":3259,"template":"","meta":[],"product_brand":[],"product_cat":[328,372,326,337],"product_tag":[],"class_list":{"0":"post-3258","1":"product","2":"type-product","3":"status-publish","4":"has-post-thumbnail","6":"product_cat-groupes","7":"product_cat-mamba-bites","8":"product_cat-musique","9":"product_cat-vinyle","11":"first","12":"instock","13":"taxable","14":"shipping-taxable","15":"purchasable","16":"product-type-simple"},"aioseo_notices":[],"_links":{"self":[{"href":"https:\/\/shop.dmbrecords.ch\/fr\/wp-json\/wp\/v2\/product\/3258","targetHints":{"allow":["GET"]}}],"collection":[{"href":"https:\/\/shop.dmbrecords.ch\/fr\/wp-json\/wp\/v2\/product"}],"about":[{"href":"https:\/\/shop.dmbrecords.ch\/fr\/wp-json\/wp\/v2\/types\/product"}],"wp:featuredmedia":[{"embeddable":true,"href":"https:\/\/shop.dmbrecords.ch\/fr\/wp-json\/wp\/v2\/media\/3259"}],"wp:attachment":[{"href":"https:\/\/shop.dmbrecords.ch\/fr\/wp-json\/wp\/v2\/media?parent=3258"}],"wp:term":[{"taxonomy":"product_brand","embeddable":true,"href":"https:\/\/shop.dmbrecords.ch\/fr\/wp-json\/wp\/v2\/product_brand?post=3258"},{"taxonomy":"product_cat","embeddable":true,"href":"https:\/\/shop.dmbrecords.ch\/fr\/wp-json\/wp\/v2\/product_cat?post=3258"},{"taxonomy":"product_tag","embeddable":true,"href":"https:\/\/shop.dmbrecords.ch\/fr\/wp-json\/wp\/v2\/product_tag?post=3258"}],"curies":[{"name":"wp","href":"https:\/\/api.w.org\/{rel}","templated":true}]}}