{"id":3248,"date":"2024-09-18T09:25:21","date_gmt":"2024-09-18T07:25:21","guid":{"rendered":"https:\/\/shop.dmbrecords.ch\/produkt\/homewards-is-this-still-who-i-am-lp-12\/"},"modified":"2026-03-17T14:41:19","modified_gmt":"2026-03-17T12:41:19","slug":"homewards-is-this-still-who-i-am-lp-12","status":"publish","type":"product","link":"https:\/\/shop.dmbrecords.ch\/fr\/produit\/homewards-is-this-still-who-i-am-lp-12\/","title":{"rendered":"Homewards &#8211; Is this still who I am (LP 12&#8243;)"},"content":{"rendered":"<p>&#8220;Salut, nous sommes Homewards et nous allons faire de la musique triste pendant une demi-heure&#8221;. &#8211; Ce qui s&#8217;applique \u00e0 pour leurs performances live s&#8217;applique \u00e9galement \u00e0 leur nouvel EP &#8220;Is This Still Who I Am ? En \u00e0 peine 20 minutes, ITSWIA vous entra\u00eene dans un sillage de m\u00e9lancolie et de m\u00e9lodie. Parfois r\u00eaveur, parfois<br \/>\nd\u00e9sesp\u00e9r\u00e9, parfois en col\u00e8re, parfois plein d&#8217;espoir &#8211; toujours \u00e0 la recherche de soi-m\u00eame ou<br \/>\nau moins de l&#8217;endroit o\u00f9 l&#8217;on peut \u00eatre soi-m\u00eame.<br \/>\nMusicalement, les 6 chansons se situent dans le domaine du hardcore m\u00e9lodique, et les fans de<br \/>\nLandscapes et autres y trouveront d\u00e9finitivement leur compte. &#8220;Heirloom&#8221;, qui ouvre le disque, donne le ton \u00e0<br \/>\n: une alternance d&#8217;atmosph\u00e8re et de brutalit\u00e9, de m\u00e9lodies harmonieuses et de vocaux passionn\u00e9s \u00e0<br \/>\n. Vous ne trouverez pas de chant clair &#8211; le chanteur Severin crie \u00e0 tue-t\u00eate sur<br \/>\net fait en sorte que vous ressentiez chaque ligne de texte.    <\/p>\n<p>Page A :<br \/>\n1. Heirloom<br \/>\n2. Worthwhile<br \/>\n3. Rupture<br \/>\n4. Asphalte<br \/>\n5. Shimmer<br \/>\n6. Novembre<\/p>\n<p>Page B (Blue Hour 2022)<br \/>\n7. Doubts<br \/>\n8. Wither<br \/>\n9. Hollow<br \/>\n10. Weight<br \/>\n11. Burden<br \/>\n12. Sleep<\/p>\n<p>Sortie : 2024 \/ Label : DMB Records<\/p>\n","protected":false},"excerpt":{"rendered":"<p>&#8220;Salut, nous sommes Homewards et nous allons faire de la musique triste pendant une demi-heure&#8221;. &#8211; Ce qui s&#8217;applique \u00e0 pour leurs performances live s&#8217;applique \u00e9galement \u00e0 leur nouvel EP &#8220;Is This Still Who I Am ? En \u00e0 peine 20 minutes, ITSWIA vous entra\u00eene dans un sillage de m\u00e9lancolie et de m\u00e9lodie. Parfois r\u00eaveur, [&hellip;]<\/p>\n","protected":false},"featured_media":3254,"template":"","meta":[],"product_brand":[],"product_cat":[328,375,326,337],"product_tag":[],"class_list":{"0":"post-3248","1":"product","2":"type-product","3":"status-publish","4":"has-post-thumbnail","6":"product_cat-groupes","7":"product_cat-homewards","8":"product_cat-musique","9":"product_cat-vinyle","11":"first","12":"instock","13":"taxable","14":"shipping-taxable","15":"purchasable","16":"product-type-simple"},"aioseo_notices":[],"_links":{"self":[{"href":"https:\/\/shop.dmbrecords.ch\/fr\/wp-json\/wp\/v2\/product\/3248","targetHints":{"allow":["GET"]}}],"collection":[{"href":"https:\/\/shop.dmbrecords.ch\/fr\/wp-json\/wp\/v2\/product"}],"about":[{"href":"https:\/\/shop.dmbrecords.ch\/fr\/wp-json\/wp\/v2\/types\/product"}],"wp:featuredmedia":[{"embeddable":true,"href":"https:\/\/shop.dmbrecords.ch\/fr\/wp-json\/wp\/v2\/media\/3254"}],"wp:attachment":[{"href":"https:\/\/shop.dmbrecords.ch\/fr\/wp-json\/wp\/v2\/media?parent=3248"}],"wp:term":[{"taxonomy":"product_brand","embeddable":true,"href":"https:\/\/shop.dmbrecords.ch\/fr\/wp-json\/wp\/v2\/product_brand?post=3248"},{"taxonomy":"product_cat","embeddable":true,"href":"https:\/\/shop.dmbrecords.ch\/fr\/wp-json\/wp\/v2\/product_cat?post=3248"},{"taxonomy":"product_tag","embeddable":true,"href":"https:\/\/shop.dmbrecords.ch\/fr\/wp-json\/wp\/v2\/product_tag?post=3248"}],"curies":[{"name":"wp","href":"https:\/\/api.w.org\/{rel}","templated":true}]}}