{"id":3229,"date":"2021-09-10T10:52:42","date_gmt":"2021-09-10T08:52:42","guid":{"rendered":"https:\/\/shop.dmbrecords.ch\/produkt\/fluffy-machine-alive-but-not-dead-cd\/"},"modified":"2026-02-26T14:13:34","modified_gmt":"2026-02-26T12:13:34","slug":"fluffy-machine-alive-but-not-dead-cd","status":"publish","type":"product","link":"https:\/\/shop.dmbrecords.ch\/fr\/produit\/fluffy-machine-alive-but-not-dead-cd\/","title":{"rendered":"Fluffy Machine &#8211; Alive But Not Dead (CD)"},"content":{"rendered":"<p>Dans son quatri\u00e8me album studio, ALIVE BUT NOT DEAD, Fluffy Machine propose 12 chansons in\u00e9dites qui ne manquent pas d&#8217;allure. Des grooves punk entra\u00eenants et entra\u00eenants \u00e0 danser fr\u00e9n\u00e9tiquement (en concert ou dans votre salon), des refrains \u00e0 chanter \u00e0 gorge d\u00e9ploy\u00e9e &#8211; vous pouvez presque entendre \u00e0 quel point les gars se sont amus\u00e9s \u00e0 enregistrer cet album. <\/p>\n<p>Liste des chansons :<br \/>\n01 Still Alive<br \/>\n02 I Kissed a Guy<br \/>\n03 Changes<br \/>\n04 CHECK CHECK<br \/>\n05 House of Piss<br \/>\n06 P-P-P-P-P<br \/>\n07 Pancakes<br \/>\n08 Slaves<br \/>\n09 Carry On<br \/>\n10 Me<br \/>\n11 The Calm<br \/>\n12 No, You Never Know<\/p>\n<p>Date de sortie : 13.09.2021 \/ Label : DMB Records<\/p>\n","protected":false},"excerpt":{"rendered":"<p>Dans son quatri\u00e8me album studio, ALIVE BUT NOT DEAD, Fluffy Machine propose 12 chansons in\u00e9dites qui ne manquent pas d&#8217;allure. Des grooves punk entra\u00eenants et entra\u00eenants \u00e0 danser fr\u00e9n\u00e9tiquement (en concert ou dans votre salon), des refrains \u00e0 chanter \u00e0 gorge d\u00e9ploy\u00e9e &#8211; vous pouvez presque entendre \u00e0 quel point les gars se sont amus\u00e9s [&hellip;]<\/p>\n","protected":false},"featured_media":3231,"template":"","meta":[],"product_brand":[],"product_cat":[327,340,328,326],"product_tag":[],"class_list":{"0":"post-3229","1":"product","2":"type-product","3":"status-publish","4":"has-post-thumbnail","6":"product_cat-cds","7":"product_cat-fluffy-machine","8":"product_cat-groupes","9":"product_cat-musique","11":"first","12":"instock","13":"taxable","14":"shipping-taxable","15":"purchasable","16":"product-type-simple"},"aioseo_notices":[],"_links":{"self":[{"href":"https:\/\/shop.dmbrecords.ch\/fr\/wp-json\/wp\/v2\/product\/3229","targetHints":{"allow":["GET"]}}],"collection":[{"href":"https:\/\/shop.dmbrecords.ch\/fr\/wp-json\/wp\/v2\/product"}],"about":[{"href":"https:\/\/shop.dmbrecords.ch\/fr\/wp-json\/wp\/v2\/types\/product"}],"wp:featuredmedia":[{"embeddable":true,"href":"https:\/\/shop.dmbrecords.ch\/fr\/wp-json\/wp\/v2\/media\/3231"}],"wp:attachment":[{"href":"https:\/\/shop.dmbrecords.ch\/fr\/wp-json\/wp\/v2\/media?parent=3229"}],"wp:term":[{"taxonomy":"product_brand","embeddable":true,"href":"https:\/\/shop.dmbrecords.ch\/fr\/wp-json\/wp\/v2\/product_brand?post=3229"},{"taxonomy":"product_cat","embeddable":true,"href":"https:\/\/shop.dmbrecords.ch\/fr\/wp-json\/wp\/v2\/product_cat?post=3229"},{"taxonomy":"product_tag","embeddable":true,"href":"https:\/\/shop.dmbrecords.ch\/fr\/wp-json\/wp\/v2\/product_tag?post=3229"}],"curies":[{"name":"wp","href":"https:\/\/api.w.org\/{rel}","templated":true}]}}