{"id":3226,"date":"2022-01-21T09:40:51","date_gmt":"2022-01-21T07:40:51","guid":{"rendered":"https:\/\/shop.dmbrecords.ch\/produkt\/declined-tyll-cd\/"},"modified":"2026-02-26T14:13:33","modified_gmt":"2026-02-26T12:13:33","slug":"declined-tyll-cd","status":"publish","type":"product","link":"https:\/\/shop.dmbrecords.ch\/fr\/produit\/declined-tyll-cd\/","title":{"rendered":"Declined &#8211; Tyll CD"},"content":{"rendered":"<p>&#8220;Tyll&#8221; est arriv\u00e9 !<br \/>\nVoil\u00e0 Tyll qui arrive. Personne ne l&#8217;a attendu, personne n&#8217;a demand\u00e9 \u00e0 le voir. Il tend un miroir \u00e0 la soci\u00e9t\u00e9.  <\/p>\n<p>Quand \u00e7a ne va pas, quand \u00e7a d\u00e9range. Puis quand le racisme se manifeste \u00e0 nouveau de mani\u00e8re crue. Lorsque les jeunes descendent dans la rue pour d\u00e9fendre l&#8217;avenir et que l&#8217;incarnation du pass\u00e9, sous la forme de vieux hommes blancs, les matraque. Ensuite, lorsque nous offrons une plate-forme aux citoyens dits inquiets et que nous voulons une fois de plus les prendre au s\u00e9rieux &#8211; comme si nous n&#8217;avions rien appris, nous &#8220;continuons \u00e0 tirer leur char, mais ils ne croient pas \u00e0 la roue&#8221; (extrait de &#8220;Mar\u00e9e basse&#8221;). Ensuite, lorsque l&#8217;exag\u00e9ration satirique devient r\u00e9alit\u00e9, il faut de nouveaux bouffons. Un comme Tyll. Voil\u00e0 pour le r\u00e9cit.      <\/p>\n<p>Dans l&#8217;autre, le pr\u00e9tendu h\u00e9ros de cette histoire n&#8217;est rien d&#8217;autre qu&#8217;un charlatan. Il vit du plaisir de la destruction pure et simple : &#8220;Le village doit br\u00fbler pour que nous puissions vivre&#8221; (extrait de &#8220;Tabula Rasa&#8221;). Il n&#8217;est ni un sauveur ni un enseignant. Il ne nous fait pas un pied de nez pour nous donner une le\u00e7on, il nous fait simplement un pied de nez. Il n&#8217;y a &#8220;pas de morale, pas d&#8217;histoire &#8211; pas m\u00eame de ruse &#8230;&#8221; (extrait de &#8220;Tyll&#8221;).<br \/>\nSimplement Tyll.<\/p>\n<p>Declined &#8211; &#8220;Tyll&#8221; (2022)<\/p>\n<ol>\n<li>Fissures<\/li>\n<li>Tyll<\/li>\n<li>Tabula Rasa<\/li>\n<li>Enfer du Nord<\/li>\n<li>Mar\u00e9e basse et mar\u00e9e haute<\/li>\n<li>Nous allons bien<\/li>\n<\/ol>\n<p>Date de sortie : 18.03.2022 \/ Label : DMB Records<\/p>\n","protected":false},"excerpt":{"rendered":"<p>&#8220;Tyll&#8221; est arriv\u00e9 ! Voil\u00e0 Tyll qui arrive. Personne ne l&#8217;a attendu, personne n&#8217;a demand\u00e9 \u00e0 le voir. Il tend un miroir \u00e0 la soci\u00e9t\u00e9. Quand \u00e7a ne va pas, quand \u00e7a d\u00e9range. Puis quand le racisme se manifeste \u00e0 nouveau de mani\u00e8re crue. Lorsque les jeunes descendent dans la rue pour d\u00e9fendre l&#8217;avenir et [&hellip;]<\/p>\n","protected":false},"featured_media":3228,"template":"","meta":[],"product_brand":[],"product_cat":[327,343,328,326],"product_tag":[],"class_list":{"0":"post-3226","1":"product","2":"type-product","3":"status-publish","4":"has-post-thumbnail","6":"product_cat-cds","7":"product_cat-declined","8":"product_cat-groupes","9":"product_cat-musique","11":"first","12":"instock","13":"taxable","14":"shipping-taxable","15":"purchasable","16":"product-type-simple"},"aioseo_notices":[],"_links":{"self":[{"href":"https:\/\/shop.dmbrecords.ch\/fr\/wp-json\/wp\/v2\/product\/3226","targetHints":{"allow":["GET"]}}],"collection":[{"href":"https:\/\/shop.dmbrecords.ch\/fr\/wp-json\/wp\/v2\/product"}],"about":[{"href":"https:\/\/shop.dmbrecords.ch\/fr\/wp-json\/wp\/v2\/types\/product"}],"wp:featuredmedia":[{"embeddable":true,"href":"https:\/\/shop.dmbrecords.ch\/fr\/wp-json\/wp\/v2\/media\/3228"}],"wp:attachment":[{"href":"https:\/\/shop.dmbrecords.ch\/fr\/wp-json\/wp\/v2\/media?parent=3226"}],"wp:term":[{"taxonomy":"product_brand","embeddable":true,"href":"https:\/\/shop.dmbrecords.ch\/fr\/wp-json\/wp\/v2\/product_brand?post=3226"},{"taxonomy":"product_cat","embeddable":true,"href":"https:\/\/shop.dmbrecords.ch\/fr\/wp-json\/wp\/v2\/product_cat?post=3226"},{"taxonomy":"product_tag","embeddable":true,"href":"https:\/\/shop.dmbrecords.ch\/fr\/wp-json\/wp\/v2\/product_tag?post=3226"}],"curies":[{"name":"wp","href":"https:\/\/api.w.org\/{rel}","templated":true}]}}