{"id":3218,"date":"2021-07-07T08:00:18","date_gmt":"2021-07-07T06:00:18","guid":{"rendered":"https:\/\/shop.dmbrecords.ch\/produkt\/zirka-qui-crie-ne-ment-pas-cd\/"},"modified":"2026-02-26T14:13:14","modified_gmt":"2026-02-26T12:13:14","slug":"zirka-qui-crie-ne-ment-pas-cd","status":"publish","type":"product","link":"https:\/\/shop.dmbrecords.ch\/fr\/produit\/zirka-qui-crie-ne-ment-pas-cd\/","title":{"rendered":"Zirka &#8211; Qui crie ne ment pas (CD)"},"content":{"rendered":"<p>Brut ! Le punk ! Pogo ! Ils sont de retour ! Plong\u00e9s dans le silence de la pand\u00e9mie, ils sont de retour en hurlant \u00e0 pleins poumons. Leur nouvel album &#8220;Wer schrei l\u00fcgt nicht&#8221; reprend l\u00e0 o\u00f9 ils s&#8217;\u00e9taient arr\u00eat\u00e9s et nous balance 13 nouvelles chansons \u00e0 pleine puissance.<br \/>\nD\u00e9vou\u00e9s au punk brut avec des textes r\u00e9fl\u00e9chis, ils nous montrent le son qu&#8217;ils et nous voulons toujours. Ils ont perfectionn\u00e9 le son ZiRKA et continuent de pr\u00e9senter des riffs d\u00e9form\u00e9s, des rythmes dansants et des refrains \u00e0 chanter.<br \/>\n&#8220;Tout comme d&#8217;habitude&#8221;, c&#8217;est ce que dit le refrain de la nouvelle chanson &#8220;Gl\u00fcckwunsch&#8221;, qui, comment pourrait-il en \u00eatre autrement, poss\u00e8de un crochet d&#8217;hymne incroyablement accrocheur. De tels refrains ont toujours \u00e9t\u00e9 la sp\u00e9cialit\u00e9 de ZiRKA. La chanson-titre &#8220;Wer schreit l\u00fcgt nicht&#8221; ne d\u00e9\u00e7oit pas : le texte critique de la soci\u00e9t\u00e9 avec une m\u00e9lodie saisissante met en lumi\u00e8re la situation des r\u00e9fugi\u00e9s.<br \/>\nDes riffs de guitare solides, des m\u00e9lodies accrocheuses et un chant expressif. Cela \u00e9veille l&#8217;envie de bouger et rend impossible de rester assis sans bouger.   <\/p>\n<p>Chansons :<\/p>\n<p>1. qui crie ne ment pas<br \/>\n2. Horizon<br \/>\n3. Hand In Hand<br \/>\n4. Bruit blanc<br \/>\n5. Hans im Gl\u00fcck<br \/>\n6. Romantisme de la chute<br \/>\n7. Embarrass\u00e9 Contre<br \/>\n8. F\u00e9licitations<br \/>\n9. Nous voici<br \/>\n10. Qu&#8217;est-ce qui est normal<br \/>\n11. Combien doit-il arriver<br \/>\n12. 20S<br \/>\n13. Avant de partir<\/p>\n<p>Date de sortie : 27.08.2021 \/ Label : DMB Records<\/p>\n","protected":false},"excerpt":{"rendered":"<p>Brut ! Le punk ! Pogo ! Ils sont de retour ! Plong\u00e9s dans le silence de la pand\u00e9mie, ils sont de retour en hurlant \u00e0 pleins poumons. Leur nouvel album &#8220;Wer schrei l\u00fcgt nicht&#8221; reprend l\u00e0 o\u00f9 ils s&#8217;\u00e9taient arr\u00eat\u00e9s et nous balance 13 nouvelles chansons \u00e0 pleine puissance. D\u00e9vou\u00e9s au punk brut avec [&hellip;]<\/p>\n","protected":false},"featured_media":3209,"template":"","meta":[],"product_brand":[],"product_cat":[327,328,326,329],"product_tag":[],"class_list":{"0":"post-3218","1":"product","2":"type-product","3":"status-publish","4":"has-post-thumbnail","6":"product_cat-cds","7":"product_cat-groupes","8":"product_cat-musique","9":"product_cat-zirka","11":"first","12":"instock","13":"taxable","14":"shipping-taxable","15":"purchasable","16":"product-type-simple"},"aioseo_notices":[],"_links":{"self":[{"href":"https:\/\/shop.dmbrecords.ch\/fr\/wp-json\/wp\/v2\/product\/3218","targetHints":{"allow":["GET"]}}],"collection":[{"href":"https:\/\/shop.dmbrecords.ch\/fr\/wp-json\/wp\/v2\/product"}],"about":[{"href":"https:\/\/shop.dmbrecords.ch\/fr\/wp-json\/wp\/v2\/types\/product"}],"wp:featuredmedia":[{"embeddable":true,"href":"https:\/\/shop.dmbrecords.ch\/fr\/wp-json\/wp\/v2\/media\/3209"}],"wp:attachment":[{"href":"https:\/\/shop.dmbrecords.ch\/fr\/wp-json\/wp\/v2\/media?parent=3218"}],"wp:term":[{"taxonomy":"product_brand","embeddable":true,"href":"https:\/\/shop.dmbrecords.ch\/fr\/wp-json\/wp\/v2\/product_brand?post=3218"},{"taxonomy":"product_cat","embeddable":true,"href":"https:\/\/shop.dmbrecords.ch\/fr\/wp-json\/wp\/v2\/product_cat?post=3218"},{"taxonomy":"product_tag","embeddable":true,"href":"https:\/\/shop.dmbrecords.ch\/fr\/wp-json\/wp\/v2\/product_tag?post=3218"}],"curies":[{"name":"wp","href":"https:\/\/api.w.org\/{rel}","templated":true}]}}