{"id":3212,"date":"2021-06-21T15:10:44","date_gmt":"2021-06-21T13:10:44","guid":{"rendered":"https:\/\/shop.dmbrecords.ch\/produkt\/kornblumenblau-vent-vers-demain-cd\/"},"modified":"2026-02-26T14:13:12","modified_gmt":"2026-02-26T12:13:12","slug":"kornblumenblau-vent-vers-demain-cd","status":"publish","type":"product","link":"https:\/\/shop.dmbrecords.ch\/fr\/produit\/kornblumenblau-vent-vers-demain-cd\/","title":{"rendered":"Kornblumenblau &#8211; Vent vers demain (CD)"},"content":{"rendered":"<p>PRE ORDER &#8211; Livraison le 20 ao\u00fbt 2021 &#8211; <a href=\"https:\/\/shop.dmbrecords.ch\/preorder\/\">Plus d&#8217;infos <\/a> <\/p>\n<p class=\"p2\">Avec un sac \u00e0 dos vide mais un c\u0153ur plein, comme le dit l&#8217;une de leurs chansons, ils sont de retour &#8211; de retour dans toutes les bouches. KORNBLUMENBLAU balaie le pays avec son nouvel album &#8216;Wind gen Morgen&#8217; et atteint presque instantan\u00e9ment les sc\u00e8nes de clubs et de festivals, les bo\u00eetes \u00e0 sons, les oreilles et surtout les c\u0153urs. KORNBLUMENBLAU est un groupe de punk rock fond\u00e9 en 2014 en Thuringe, avec une voix de femme, des textes en allemand et de l&#8217;accord\u00e9on. &#8220;Accord\u00e9on et punk rock ? \u00c7a ressemble plus \u00e0 de la musique folklorique&#8230;&#8221; &#8211; Loin de l\u00e0 ! KORNBLUMENBLAU rend l&#8217;orgue de barbarie great again. Ceux qui ont vu KORNBLUMENBLAU en concert se souviennent de spectacles sc\u00e9niques dynamiques, voire vivants et entra\u00eenants, o\u00f9 l&#8217;accord\u00e9on n&#8217;appelle certainement pas seulement \u00e0 se tr\u00e9mousser. Apr\u00e8s la sortie de leur premier album &#8216;Unschuld vom Lande&#8217; en 2017, Kornblumenblau s&#8217;est produit sur toutes les sc\u00e8nes d&#8217;Allemagne. Dans leur nouvel album, les quatre musiciens, tous originaires de petits villages de Thuringe, ne se contentent plus d&#8217;aborder des th\u00e8mes li\u00e9s \u00e0 la probl\u00e9matique fasciste provinciale. En plus de la mont\u00e9e de l&#8217;extr\u00eame droite et de la lutte contre toutes les formes d&#8217;injustice sociale, comme la x\u00e9nophobie, l&#8217;\u00e9conomie des grandes entreprises, la violence polici\u00e8re, etc. Qu&#8217;en est-il de moi ? Quel est mon r\u00f4le dans tout cela ? Ils s&#8217;attaquent aussi \u00e0 eux-m\u00eames sans d\u00e9tour, mais restent optimistes. Le mantra des jeunes Thuringiens est de contribuer, m\u00eame modestement, \u00e0 faire de ce monde de plus en plus d\u00e9r\u00e9gl\u00e9 un lieu de paix. Ceux qui connaissaient &#8216;Unschuld vom Lande&#8217; seront sans doute totalement surpris par &#8216;Wind gen Morgen&#8217;. KORNBLUMENBLAU est et reste un punk rapide et brutal, mais il fait preuve de finesse musicale et d&#8217;\u00e9motion gr\u00e2ce \u00e0 un set vari\u00e9, avec des sons forts mais aussi doux. Avec &#8216;Wind gen Morgen&#8217;, KORNBLUMENBLAU fait preuve non seulement d&#8217;une mission sociale, mais aussi et surtout de c\u0153ur.              <span class=\"Apple-converted-space\"> <\/span><\/p>\n","protected":false},"excerpt":{"rendered":"<p>PRE ORDER &#8211; Livraison le 20 ao\u00fbt 2021 &#8211; Plus d&#8217;infos Avec un sac \u00e0 dos vide mais un c\u0153ur plein, comme le dit l&#8217;une de leurs chansons, ils sont de retour &#8211; de retour dans toutes les bouches. KORNBLUMENBLAU balaie le pays avec son nouvel album &#8216;Wind gen Morgen&#8217; et atteint presque instantan\u00e9ment les [&hellip;]<\/p>\n","protected":false},"featured_media":3205,"template":"","meta":[],"product_brand":[],"product_cat":[327,369,326],"product_tag":[],"class_list":{"0":"post-3212","1":"product","2":"type-product","3":"status-publish","4":"has-post-thumbnail","6":"product_cat-cds","7":"product_cat-kornblumenblau","8":"product_cat-musique","10":"first","11":"instock","12":"taxable","13":"shipping-taxable","14":"purchasable","15":"product-type-simple"},"aioseo_notices":[],"_links":{"self":[{"href":"https:\/\/shop.dmbrecords.ch\/fr\/wp-json\/wp\/v2\/product\/3212","targetHints":{"allow":["GET"]}}],"collection":[{"href":"https:\/\/shop.dmbrecords.ch\/fr\/wp-json\/wp\/v2\/product"}],"about":[{"href":"https:\/\/shop.dmbrecords.ch\/fr\/wp-json\/wp\/v2\/types\/product"}],"wp:featuredmedia":[{"embeddable":true,"href":"https:\/\/shop.dmbrecords.ch\/fr\/wp-json\/wp\/v2\/media\/3205"}],"wp:attachment":[{"href":"https:\/\/shop.dmbrecords.ch\/fr\/wp-json\/wp\/v2\/media?parent=3212"}],"wp:term":[{"taxonomy":"product_brand","embeddable":true,"href":"https:\/\/shop.dmbrecords.ch\/fr\/wp-json\/wp\/v2\/product_brand?post=3212"},{"taxonomy":"product_cat","embeddable":true,"href":"https:\/\/shop.dmbrecords.ch\/fr\/wp-json\/wp\/v2\/product_cat?post=3212"},{"taxonomy":"product_tag","embeddable":true,"href":"https:\/\/shop.dmbrecords.ch\/fr\/wp-json\/wp\/v2\/product_tag?post=3212"}],"curies":[{"name":"wp","href":"https:\/\/api.w.org\/{rel}","templated":true}]}}