{"id":3154,"date":"2021-04-09T09:00:15","date_gmt":"2021-04-09T07:00:15","guid":{"rendered":"https:\/\/shop.dmbrecords.ch\/produkt\/burning-fuses-breathe-telecharger\/"},"modified":"2026-02-26T14:12:21","modified_gmt":"2026-02-26T12:12:21","slug":"burning-fuses-breathe-telecharger","status":"publish","type":"product","link":"https:\/\/shop.dmbrecords.ch\/fr\/produit\/burning-fuses-breathe-telecharger\/","title":{"rendered":"Burning Fuses &#8211; Breathe (T\u00e9l\u00e9charger)"},"content":{"rendered":"<p>On reste assis chez soi \u00e0 ne rien faire. On s&#8217;ennuie et les nuages d&#8217;orage s&#8217;amoncellent lentement dans le ciel du soir. On s&#8217;allonge, on respire \u00e0 fond et on met le nouveau disque de Burning Fuses. L&#8217;hypnose dans laquelle vous \u00eates plong\u00e9 dure 25 minutes.<br \/>\nSur son troisi\u00e8me album, BuFu est rest\u00e9 fid\u00e8le \u00e0 son grunge et \u00e0 son punk crasseux. Cependant, les chansons de &#8220;Breathe&#8221; ont des structures plus claires qu&#8217;auparavant. La collaboration du groupe depuis des ann\u00e9es est clairement perceptible. L&#8217;album est passionnant et vari\u00e9. L&#8217;album a \u00e9t\u00e9 produit au studio SOS Basement.<br \/>\nLe nouvel album de Burning Fuses d\u00e9bute par une partie de batterie accrocheuse. Dans &#8220;57 Seconds&#8221;, on sent tout de suite la puissance de l&#8217;album. Heureusement, cette chanson ne dure pas seulement 57 secondes. Cette chanson parle d&#8217;\u00eatre seul. Comme cela peut \u00eatre beau, mais aussi terrible.<br \/>\nIl est temps de reprendre une profonde inspiration, car avec &#8220;So Deep&#8221; et surtout la chanson &#8220;Open Church&#8221;, les choses deviennent sauvages et brutales. On transpire rien qu&#8217;en l&#8217;\u00e9coutant. Avant que cela ne redevienne un peu plus m\u00e9lodieux, il faut se lever un instant pour faire tourner le LP.<br \/>\nDans la chanson &#8220;Losing why&#8221;, la distorsion est pour une fois abandonn\u00e9e, du moins au d\u00e9but. Il s&#8217;agit de d\u00e9cisions que nous devons prendre tous les jours. Pour la premi\u00e8re fois dans l&#8217;histoire du groupe, une partie en allemand se cache \u00e0 la fin. Une \u00e9coute attentive s&#8217;impose !<br \/>\nLa batterie vous lance avec force dans le morceau suivant. Dans &#8220;Destroy&#8221;, il est question d&#8217;autodestruction. &#8220;Le seul qui a le droit de d\u00e9truire ma vie, c&#8217;est moi !&#8221;, chante le refrain.<br \/>\nLa derni\u00e8re chanson du disque, &#8220;Rokk \u00f3g Rol&#8221;, est tout sauf la beaut\u00e9 des fjords islandais ou des geysers. Le riff typique de BuFu restera certainement dans la t\u00eate des gens jusqu&#8217;au lendemain. C&#8217;est une chanson contre certains groupes et certaines personnes. Il est pr\u00e9f\u00e9rable de ne voir que d&#8217;un \u0153il plut\u00f4t que de regarder ailleurs avec les deux. Le rire sale de la fin de la chanson est ironique, car il n&#8217;y a pas vraiment de quoi rire.<br \/>\nApr\u00e8s huit chansons, on commence \u00e0 avoir les id\u00e9es claires. L&#8217;hypnose semble \u00eatre termin\u00e9e et la nuque est douloureuse \u00e0 cause du headbanging permanent. N&#8217;oubliez jamais de respirer, ce serait de la n\u00e9gligence.        <\/p>\n<p>Pistes :<\/p>\n<p>1. 57 Seconds<br \/>\n2. So Deep<br \/>\n3. \u00c9glise ouverte<br \/>\n4. Bad Liar<br \/>\n5. Chosen One<br \/>\n6. Losing Why<br \/>\n7. Destroy<br \/>\n8. Rokk \u00f3g Rol<\/p>\n<p>Date de sortie : 11.06.2021 \/ Label : DMB Records<\/p>\n","protected":false},"excerpt":{"rendered":"<p>On reste assis chez soi \u00e0 ne rien faire. On s&#8217;ennuie et les nuages d&#8217;orage s&#8217;amoncellent lentement dans le ciel du soir. On s&#8217;allonge, on respire \u00e0 fond et on met le nouveau disque de Burning Fuses. L&#8217;hypnose dans laquelle vous \u00eates plong\u00e9 dure 25 minutes. Sur son troisi\u00e8me album, BuFu est rest\u00e9 fid\u00e8le \u00e0 [&hellip;]<\/p>\n","protected":false},"featured_media":3156,"template":"","meta":[],"product_brand":[],"product_cat":[355,326,335],"product_tag":[],"class_list":{"0":"post-3154","1":"product","2":"type-product","3":"status-publish","4":"has-post-thumbnail","6":"product_cat-burning-fuses","7":"product_cat-musique","8":"product_cat-telechargements","10":"first","11":"instock","12":"downloadable","13":"virtual","14":"taxable","15":"purchasable","16":"product-type-simple"},"aioseo_notices":[],"_links":{"self":[{"href":"https:\/\/shop.dmbrecords.ch\/fr\/wp-json\/wp\/v2\/product\/3154","targetHints":{"allow":["GET"]}}],"collection":[{"href":"https:\/\/shop.dmbrecords.ch\/fr\/wp-json\/wp\/v2\/product"}],"about":[{"href":"https:\/\/shop.dmbrecords.ch\/fr\/wp-json\/wp\/v2\/types\/product"}],"wp:featuredmedia":[{"embeddable":true,"href":"https:\/\/shop.dmbrecords.ch\/fr\/wp-json\/wp\/v2\/media\/3156"}],"wp:attachment":[{"href":"https:\/\/shop.dmbrecords.ch\/fr\/wp-json\/wp\/v2\/media?parent=3154"}],"wp:term":[{"taxonomy":"product_brand","embeddable":true,"href":"https:\/\/shop.dmbrecords.ch\/fr\/wp-json\/wp\/v2\/product_brand?post=3154"},{"taxonomy":"product_cat","embeddable":true,"href":"https:\/\/shop.dmbrecords.ch\/fr\/wp-json\/wp\/v2\/product_cat?post=3154"},{"taxonomy":"product_tag","embeddable":true,"href":"https:\/\/shop.dmbrecords.ch\/fr\/wp-json\/wp\/v2\/product_tag?post=3154"}],"curies":[{"name":"wp","href":"https:\/\/api.w.org\/{rel}","templated":true}]}}