{"id":3128,"date":"2020-03-13T14:54:11","date_gmt":"2020-03-13T12:54:11","guid":{"rendered":"https:\/\/shop.dmbrecords.ch\/produkt\/skassapunka-revolutionary-roots-telecharger\/"},"modified":"2026-02-26T14:11:51","modified_gmt":"2026-02-26T12:11:51","slug":"skassapunka-revolutionary-roots-telecharger","status":"publish","type":"product","link":"https:\/\/shop.dmbrecords.ch\/fr\/produit\/skassapunka-revolutionary-roots-telecharger\/","title":{"rendered":"Skassapunka &#8211; Revolutionary Roots (T\u00e9l\u00e9charger)"},"content":{"rendered":"<p>REVOLUTIONARY ROOTS est le 5e album studio de Skassapunka, le groupe de ska-punk de combat originaire de Milan.<br \/>\n&#8220;Revolutionary Roots&#8221; se veut une r\u00e9volution qui part de ses racines. Ces racines sont les id\u00e9aux et le son qui caract\u00e9risent le groupe depuis toujours, le militantisme social et politique, un son ska-punk dur et sans compromis, teint\u00e9 de la veine &#8220;crunch&#8221; \u00e0 la Rancid et Interrupters, du punk-rock classique au beat balkanique.<br \/>\nEntre la lutte des classes et l&#8217;\u00e9lan r\u00e9volutionnaire, contre la guerre imp\u00e9rialiste et l&#8217;apathie de ceux qui attendent le changement, il y a de la place pour une bi\u00e8re au pub, une soir\u00e9e entre amis et le r\u00eave dans les rues de Londres. C&#8217;est &#8220;Revolutionary Roots&#8221;, c&#8217;est Skassapunka.  <\/p>\n<p>Date de sortie : 2020 \/ Label : DMB Records<\/p>\n<p>Produit \u00e0 t\u00e9l\u00e9charger : aucun support physique n&#8217;est livr\u00e9. Le lien de t\u00e9l\u00e9chargement est disponible une seule fois apr\u00e8s l&#8217;achat. <\/p>\n","protected":false},"excerpt":{"rendered":"<p>REVOLUTIONARY ROOTS est le 5e album studio de Skassapunka, le groupe de ska-punk de combat originaire de Milan. &#8220;Revolutionary Roots&#8221; se veut une r\u00e9volution qui part de ses racines. Ces racines sont les id\u00e9aux et le son qui caract\u00e9risent le groupe depuis toujours, le militantisme social et politique, un son ska-punk dur et sans compromis, [&hellip;]<\/p>\n","protected":false},"featured_media":3126,"template":"","meta":[],"product_brand":[],"product_cat":[349,335],"product_tag":[],"class_list":{"0":"post-3128","1":"product","2":"type-product","3":"status-publish","4":"has-post-thumbnail","6":"product_cat-skassapunka","7":"product_cat-telechargements","9":"first","10":"instock","11":"downloadable","12":"virtual","13":"taxable","14":"purchasable","15":"product-type-simple"},"aioseo_notices":[],"_links":{"self":[{"href":"https:\/\/shop.dmbrecords.ch\/fr\/wp-json\/wp\/v2\/product\/3128","targetHints":{"allow":["GET"]}}],"collection":[{"href":"https:\/\/shop.dmbrecords.ch\/fr\/wp-json\/wp\/v2\/product"}],"about":[{"href":"https:\/\/shop.dmbrecords.ch\/fr\/wp-json\/wp\/v2\/types\/product"}],"wp:featuredmedia":[{"embeddable":true,"href":"https:\/\/shop.dmbrecords.ch\/fr\/wp-json\/wp\/v2\/media\/3126"}],"wp:attachment":[{"href":"https:\/\/shop.dmbrecords.ch\/fr\/wp-json\/wp\/v2\/media?parent=3128"}],"wp:term":[{"taxonomy":"product_brand","embeddable":true,"href":"https:\/\/shop.dmbrecords.ch\/fr\/wp-json\/wp\/v2\/product_brand?post=3128"},{"taxonomy":"product_cat","embeddable":true,"href":"https:\/\/shop.dmbrecords.ch\/fr\/wp-json\/wp\/v2\/product_cat?post=3128"},{"taxonomy":"product_tag","embeddable":true,"href":"https:\/\/shop.dmbrecords.ch\/fr\/wp-json\/wp\/v2\/product_tag?post=3128"}],"curies":[{"name":"wp","href":"https:\/\/api.w.org\/{rel}","templated":true}]}}