{"id":3124,"date":"2020-03-13T09:54:13","date_gmt":"2020-03-13T07:54:13","guid":{"rendered":"https:\/\/shop.dmbrecords.ch\/produkt\/skassapunka-revolutionary-roots-cd\/"},"modified":"2026-02-26T14:11:51","modified_gmt":"2026-02-26T12:11:51","slug":"skassapunka-revolutionary-roots-cd","status":"publish","type":"product","link":"https:\/\/shop.dmbrecords.ch\/fr\/produit\/skassapunka-revolutionary-roots-cd\/","title":{"rendered":"Skassapunka &#8211; Revolutionary Roots (CD)"},"content":{"rendered":"<p>REVOLUTIONARY ROOTS est le 5e album studio de Skassapunka, le groupe de ska-punk de combat originaire de Milan.<br \/>\n&#8220;Revolutionary Roots&#8221; se veut une r\u00e9volution qui part de ses racines. Ces racines sont les id\u00e9aux et le son qui caract\u00e9risent le groupe depuis toujours, le militantisme social et politique, un son ska-punk dur et sans compromis, teint\u00e9 de la veine &#8220;crunch&#8221; \u00e0 la Rancid et Interrupters, du punk-rock classique au beat balkanique.<br \/>\nEntre la lutte des classes et l&#8217;\u00e9lan r\u00e9volutionnaire, contre la guerre imp\u00e9rialiste et l&#8217;apathie de ceux qui attendent le changement, il y a de la place pour une bi\u00e8re au pub, une soir\u00e9e entre amis et le r\u00eave dans les rues de Londres. C&#8217;est &#8220;Revolutionary Roots&#8221;, c&#8217;est Skassapunka.  <\/p>\n","protected":false},"excerpt":{"rendered":"<p>REVOLUTIONARY ROOTS est le 5e album studio de Skassapunka, le groupe de ska punk de combat de Milan.<\/p>\n","protected":false},"featured_media":3126,"template":"","meta":[],"product_brand":[],"product_cat":[327,328,326,349],"product_tag":[],"class_list":{"0":"post-3124","1":"product","2":"type-product","3":"status-publish","4":"has-post-thumbnail","6":"product_cat-cds","7":"product_cat-groupes","8":"product_cat-musique","9":"product_cat-skassapunka","11":"first","12":"instock","13":"sale","14":"taxable","15":"shipping-taxable","16":"purchasable","17":"product-type-simple"},"aioseo_notices":[],"_links":{"self":[{"href":"https:\/\/shop.dmbrecords.ch\/fr\/wp-json\/wp\/v2\/product\/3124","targetHints":{"allow":["GET"]}}],"collection":[{"href":"https:\/\/shop.dmbrecords.ch\/fr\/wp-json\/wp\/v2\/product"}],"about":[{"href":"https:\/\/shop.dmbrecords.ch\/fr\/wp-json\/wp\/v2\/types\/product"}],"wp:featuredmedia":[{"embeddable":true,"href":"https:\/\/shop.dmbrecords.ch\/fr\/wp-json\/wp\/v2\/media\/3126"}],"wp:attachment":[{"href":"https:\/\/shop.dmbrecords.ch\/fr\/wp-json\/wp\/v2\/media?parent=3124"}],"wp:term":[{"taxonomy":"product_brand","embeddable":true,"href":"https:\/\/shop.dmbrecords.ch\/fr\/wp-json\/wp\/v2\/product_brand?post=3124"},{"taxonomy":"product_cat","embeddable":true,"href":"https:\/\/shop.dmbrecords.ch\/fr\/wp-json\/wp\/v2\/product_cat?post=3124"},{"taxonomy":"product_tag","embeddable":true,"href":"https:\/\/shop.dmbrecords.ch\/fr\/wp-json\/wp\/v2\/product_tag?post=3124"}],"curies":[{"name":"wp","href":"https:\/\/api.w.org\/{rel}","templated":true}]}}