{"id":3120,"date":"2019-08-10T10:06:47","date_gmt":"2019-08-10T08:06:47","guid":{"rendered":"https:\/\/shop.dmbrecords.ch\/produkt\/fluffy-machine-mutual-admiration-society-cd\/"},"modified":"2026-02-26T14:11:49","modified_gmt":"2026-02-26T12:11:49","slug":"fluffy-machine-mutual-admiration-society-cd","status":"publish","type":"product","link":"https:\/\/shop.dmbrecords.ch\/fr\/produit\/fluffy-machine-mutual-admiration-society-cd\/","title":{"rendered":"Fluffy Machine &#8211; Mutual Admiration Society (CD)"},"content":{"rendered":"<p>Le troisi\u00e8me album studio de FLUFFY MACHINE r\u00e8gle ses comptes avec la soci\u00e9t\u00e9, mais il a aussi un sacr\u00e9 facteur de tubes !<\/p>\n<p>Sortie : 2019 \/ Contenu : 13 chansons \/ Label : DMB Records<\/p>\n","protected":false},"excerpt":{"rendered":"<p>Sortie : 2019 \/ Contenu : 13 chansons \/ Label : DMB Records<\/p>\n","protected":false},"featured_media":3123,"template":"","meta":[],"product_brand":[],"product_cat":[327,340,326],"product_tag":[],"class_list":{"0":"post-3120","1":"product","2":"type-product","3":"status-publish","4":"has-post-thumbnail","6":"product_cat-cds","7":"product_cat-fluffy-machine","8":"product_cat-musique","10":"first","11":"outofstock","12":"taxable","13":"shipping-taxable","14":"purchasable","15":"product-type-simple"},"aioseo_notices":[],"_links":{"self":[{"href":"https:\/\/shop.dmbrecords.ch\/fr\/wp-json\/wp\/v2\/product\/3120","targetHints":{"allow":["GET"]}}],"collection":[{"href":"https:\/\/shop.dmbrecords.ch\/fr\/wp-json\/wp\/v2\/product"}],"about":[{"href":"https:\/\/shop.dmbrecords.ch\/fr\/wp-json\/wp\/v2\/types\/product"}],"wp:featuredmedia":[{"embeddable":true,"href":"https:\/\/shop.dmbrecords.ch\/fr\/wp-json\/wp\/v2\/media\/3123"}],"wp:attachment":[{"href":"https:\/\/shop.dmbrecords.ch\/fr\/wp-json\/wp\/v2\/media?parent=3120"}],"wp:term":[{"taxonomy":"product_brand","embeddable":true,"href":"https:\/\/shop.dmbrecords.ch\/fr\/wp-json\/wp\/v2\/product_brand?post=3120"},{"taxonomy":"product_cat","embeddable":true,"href":"https:\/\/shop.dmbrecords.ch\/fr\/wp-json\/wp\/v2\/product_cat?post=3120"},{"taxonomy":"product_tag","embeddable":true,"href":"https:\/\/shop.dmbrecords.ch\/fr\/wp-json\/wp\/v2\/product_tag?post=3120"}],"curies":[{"name":"wp","href":"https:\/\/api.w.org\/{rel}","templated":true}]}}