{"id":3108,"date":"2018-08-10T10:23:45","date_gmt":"2018-08-10T08:23:45","guid":{"rendered":"https:\/\/shop.dmbrecords.ch\/produkt\/100-kilo-herz-loin-de-chez-vous-cd\/"},"modified":"2026-02-27T12:45:48","modified_gmt":"2026-02-27T10:45:48","slug":"100-kilo-herz-loin-de-chez-vous-cd","status":"publish","type":"product","link":"https:\/\/shop.dmbrecords.ch\/fr\/produit\/100-kilo-herz-loin-de-chez-vous-cd\/","title":{"rendered":"100 Kilo Herz &#8211; Weit weg von zu Hause (CD)"},"content":{"rendered":"<p>100 Kilo Herz &#8211; depuis 2014, 3,5 punkers, 1,5 jazzman et 1,5 et demi indiekid font route ensemble. Apr\u00e8s le dialogue souvent entendu (au d\u00e9but) &#8220;On fait du punk avec des cuivres&#8221; &#8211; &#8220;Alors du ska ?&#8221; &#8211; Non, du punk rock, mais avec des cuivres&#8221;, le bruit s&#8217;est entre-temps r\u00e9pandu que quelque chose de sp\u00e9cial \u00e9tait n\u00e9 \u00e0 Leipzig. En 2018, il y a d\u00e9j\u00e0 eu des concerts avec Dritte Wahl, Fahnenflucht, The Offenders, Rantanplan et quelques autres groupes et entre-temps, il est clair que 100 kilos de c\u0153ur ne sont pas tout \u00e0 fait \u00e0 prendre. Trop durs avec les groupes de ska et trop mous avec les groupes de punk, ils se sont retrouv\u00e9s quelque part entre les deux chaises et ont r\u00e9alis\u00e9 qu&#8217;il \u00e9tait tout \u00e0 fait possible de s&#8217;en sortir. Apr\u00e8s un EP sorti en 2016, ils ont donc profit\u00e9 de chaque minute de libre durant l&#8217;ann\u00e9e la plus riche en concerts de l&#8217;histoire du groupe pour enfin pouvoir tenir leur premier album entre leurs mains. Et poursuit ainsi de mani\u00e8re cons\u00e9quente le m\u00e9lange qui a fait ses preuves. Ici, un rythme d\u00e9cal\u00e9, l\u00e0, un peu de baston, du chant, des cris et de belles m\u00e9lodies de cuivres. Le tout accompagn\u00e9 d&#8217;histoires de petites et grandes villes, de r\u00e9flexions nuanc\u00e9es sur les petits et grands probl\u00e8mes, d&#8217;un peu de danse et de beaucoup d&#8217;\u00e9motion. 100 kilos de c\u0153ur, tout simplement.        <\/p>\n<p>Liste des songs :<\/p>\n<p>Die Guten<br \/>\nKleinstadtdisco<br \/>\nDreck und Glitzer<br \/>\nPass auf dich auf<br \/>\nR\u00fccksitz<br \/>\nPogo &amp; Polka<br \/>\nNiemals weg<br \/>\nGrossstadtdisco<br \/>\nTr\u00e4ume<br \/>\n30 Gramm<br \/>\nHappy Hour<\/p>\n<p>Date de sortie : 2018 \/ Contenu : 11 chansons \/ Label : Bakraufarfita Records<\/p>\n","protected":false},"excerpt":{"rendered":"<p>Date de sortie : 2018 \/ Contenu : 11 chansons \/ Label : Bakraufarfita Records<\/p>\n","protected":false},"featured_media":3109,"template":"","meta":[],"product_brand":[],"product_cat":[341,327,328,326],"product_tag":[],"class_list":{"0":"post-3108","1":"product","2":"type-product","3":"status-publish","4":"has-post-thumbnail","6":"product_cat-100kiloherz","7":"product_cat-cds","8":"product_cat-groupes","9":"product_cat-musique","11":"first","12":"instock","13":"sale","14":"taxable","15":"shipping-taxable","16":"purchasable","17":"product-type-simple"},"aioseo_notices":[],"_links":{"self":[{"href":"https:\/\/shop.dmbrecords.ch\/fr\/wp-json\/wp\/v2\/product\/3108","targetHints":{"allow":["GET"]}}],"collection":[{"href":"https:\/\/shop.dmbrecords.ch\/fr\/wp-json\/wp\/v2\/product"}],"about":[{"href":"https:\/\/shop.dmbrecords.ch\/fr\/wp-json\/wp\/v2\/types\/product"}],"wp:featuredmedia":[{"embeddable":true,"href":"https:\/\/shop.dmbrecords.ch\/fr\/wp-json\/wp\/v2\/media\/3109"}],"wp:attachment":[{"href":"https:\/\/shop.dmbrecords.ch\/fr\/wp-json\/wp\/v2\/media?parent=3108"}],"wp:term":[{"taxonomy":"product_brand","embeddable":true,"href":"https:\/\/shop.dmbrecords.ch\/fr\/wp-json\/wp\/v2\/product_brand?post=3108"},{"taxonomy":"product_cat","embeddable":true,"href":"https:\/\/shop.dmbrecords.ch\/fr\/wp-json\/wp\/v2\/product_cat?post=3108"},{"taxonomy":"product_tag","embeddable":true,"href":"https:\/\/shop.dmbrecords.ch\/fr\/wp-json\/wp\/v2\/product_tag?post=3108"}],"curies":[{"name":"wp","href":"https:\/\/api.w.org\/{rel}","templated":true}]}}