{"id":3105,"date":"2018-08-10T10:08:36","date_gmt":"2018-08-10T08:08:36","guid":{"rendered":"https:\/\/shop.dmbrecords.ch\/produkt\/fluffy-machine-please-slow-down-cd\/"},"modified":"2026-04-16T12:08:50","modified_gmt":"2026-04-16T10:08:50","slug":"fluffy-machine-please-slow-down-cd","status":"publish","type":"product","link":"https:\/\/shop.dmbrecords.ch\/fr\/produit\/fluffy-machine-please-slow-down-cd\/","title":{"rendered":"Fluffy Machine &#8211; Please, Slow Down (CD)"},"content":{"rendered":"<p>Sur ce deuxi\u00e8me album, les quatre Valaisans racontent leur voyage \u00e0 travers les \u00c9tats-Unis et, contrairement au titre de l&#8217;album, ils mettent encore plus de gaz !<\/p>\n<p>Sortie : 2018 \/ Contenu : 7 chansons \/ Label : DMB Records<\/p>\n","protected":false},"excerpt":{"rendered":"<p>Sortie : 2018 \/ Contenu : 7 chansons \/ Label : DMB Records<\/p>\n","protected":false},"featured_media":3106,"template":"","meta":[],"product_brand":[],"product_cat":[327,340,328,326],"product_tag":[],"class_list":{"0":"post-3105","1":"product","2":"type-product","3":"status-publish","4":"has-post-thumbnail","6":"product_cat-cds","7":"product_cat-fluffy-machine","8":"product_cat-groupes","9":"product_cat-musique","11":"first","12":"outofstock","13":"sale","14":"taxable","15":"shipping-taxable","16":"purchasable","17":"product-type-simple"},"aioseo_notices":[],"_links":{"self":[{"href":"https:\/\/shop.dmbrecords.ch\/fr\/wp-json\/wp\/v2\/product\/3105","targetHints":{"allow":["GET"]}}],"collection":[{"href":"https:\/\/shop.dmbrecords.ch\/fr\/wp-json\/wp\/v2\/product"}],"about":[{"href":"https:\/\/shop.dmbrecords.ch\/fr\/wp-json\/wp\/v2\/types\/product"}],"wp:featuredmedia":[{"embeddable":true,"href":"https:\/\/shop.dmbrecords.ch\/fr\/wp-json\/wp\/v2\/media\/3106"}],"wp:attachment":[{"href":"https:\/\/shop.dmbrecords.ch\/fr\/wp-json\/wp\/v2\/media?parent=3105"}],"wp:term":[{"taxonomy":"product_brand","embeddable":true,"href":"https:\/\/shop.dmbrecords.ch\/fr\/wp-json\/wp\/v2\/product_brand?post=3105"},{"taxonomy":"product_cat","embeddable":true,"href":"https:\/\/shop.dmbrecords.ch\/fr\/wp-json\/wp\/v2\/product_cat?post=3105"},{"taxonomy":"product_tag","embeddable":true,"href":"https:\/\/shop.dmbrecords.ch\/fr\/wp-json\/wp\/v2\/product_tag?post=3105"}],"curies":[{"name":"wp","href":"https:\/\/api.w.org\/{rel}","templated":true}]}}