{"id":3102,"date":"2017-09-10T09:56:23","date_gmt":"2017-09-10T07:56:23","guid":{"rendered":"https:\/\/shop.dmbrecords.ch\/produkt\/zirka-nous-mourrons-en-silence-cd\/"},"modified":"2026-02-27T12:39:52","modified_gmt":"2026-02-27T10:39:52","slug":"zirka-nous-mourrons-en-silence-cd","status":"publish","type":"product","link":"https:\/\/shop.dmbrecords.ch\/fr\/produit\/zirka-nous-mourrons-en-silence-cd\/","title":{"rendered":"Zirka &#8211; Wir sterben leise (CD)"},"content":{"rendered":"<p>Apr\u00e8s 12 ans d&#8217;existence, les cuivres et le violon ont disparu. D\u00e9sormais, les cinq gar\u00e7ons de ZiRKA font ce qu&#8217;ils font de mieux : du punk-rock lin\u00e9aire.<\/p>\n<p>Chansons :<\/p>\n<p>1. Etwas das bleibt<br \/>\n2. Helden<br \/>\n3. Scheiss Haltestelle<br \/>\n4. Viereinhalb<br \/>\n5. Freieheit Minus Sicherheit<br \/>\n6. Wir schauen zu<br \/>\n7. Gute Zeiten<br \/>\n8. Mensch sein<br \/>\n9. Wir sterben leise<br \/>\n10. Glatteis<br \/>\n11. Ein Schritt zuwenig<br \/>\n12. Aufstehen und Fallen<br \/>\n13. Genau das wollen wir<\/p>\n<p>Sortie : 2017 \/ Contenu : 13 chansons \/ Label : DMB Records<\/p>\n","protected":false},"excerpt":{"rendered":"<p>Sortie : 2017 \/ Contenu : 13 chansons \/ Label : DMB Records<\/p>\n","protected":false},"featured_media":3096,"template":"","meta":[],"product_brand":[],"product_cat":[327,328,326,329],"product_tag":[],"class_list":{"0":"post-3102","1":"product","2":"type-product","3":"status-publish","4":"has-post-thumbnail","6":"product_cat-cds","7":"product_cat-groupes","8":"product_cat-musique","9":"product_cat-zirka","11":"first","12":"instock","13":"sale","14":"taxable","15":"shipping-taxable","16":"purchasable","17":"product-type-simple"},"aioseo_notices":[],"_links":{"self":[{"href":"https:\/\/shop.dmbrecords.ch\/fr\/wp-json\/wp\/v2\/product\/3102","targetHints":{"allow":["GET"]}}],"collection":[{"href":"https:\/\/shop.dmbrecords.ch\/fr\/wp-json\/wp\/v2\/product"}],"about":[{"href":"https:\/\/shop.dmbrecords.ch\/fr\/wp-json\/wp\/v2\/types\/product"}],"wp:featuredmedia":[{"embeddable":true,"href":"https:\/\/shop.dmbrecords.ch\/fr\/wp-json\/wp\/v2\/media\/3096"}],"wp:attachment":[{"href":"https:\/\/shop.dmbrecords.ch\/fr\/wp-json\/wp\/v2\/media?parent=3102"}],"wp:term":[{"taxonomy":"product_brand","embeddable":true,"href":"https:\/\/shop.dmbrecords.ch\/fr\/wp-json\/wp\/v2\/product_brand?post=3102"},{"taxonomy":"product_cat","embeddable":true,"href":"https:\/\/shop.dmbrecords.ch\/fr\/wp-json\/wp\/v2\/product_cat?post=3102"},{"taxonomy":"product_tag","embeddable":true,"href":"https:\/\/shop.dmbrecords.ch\/fr\/wp-json\/wp\/v2\/product_tag?post=3102"}],"curies":[{"name":"wp","href":"https:\/\/api.w.org\/{rel}","templated":true}]}}