{"id":3093,"date":"2017-09-05T14:58:43","date_gmt":"2017-09-05T12:58:43","guid":{"rendered":"https:\/\/shop.dmbrecords.ch\/produkt\/zirka-nous-mourrons-en-silence-telechargement\/"},"modified":"2026-02-27T12:20:41","modified_gmt":"2026-02-27T10:20:41","slug":"zirka-nous-mourrons-en-silence-telechargement","status":"publish","type":"product","link":"https:\/\/shop.dmbrecords.ch\/fr\/produit\/zirka-nous-mourrons-en-silence-telechargement\/","title":{"rendered":"Zirka &#8211; Nous mourrons en silence (t\u00e9l\u00e9chargement)"},"content":{"rendered":"<p>Apr\u00e8s 12 ans d&#8217;existence, les cuivres et le violon ont disparu. D\u00e9sormais, les cinq gar\u00e7ons de ZiRKA font ce qu&#8217;ils font de mieux : du punk-rock lin\u00e9aire.<\/p>\n<p>Chansons :<\/p>\n<p>1. Etwas das bleibt<br \/>\n2. Helden<br \/>\n3. Scheiss Haltestelle<br \/>\n4. Viereinhalb<br \/>\n5. Freiheit Minus Sicherheit<br \/>\n6. Wir schauen zu<br \/>\n7. Gute Zeiten<br \/>\n8. Mensch sein<br \/>\n9. Wir sterben leise<br \/>\n10. Glatteis<br \/>\n11. Ein Schritt zuwenig<br \/>\n12. Aufstehen und Fallen<br \/>\n13. Genau das wollen wir<\/p>\n<p>Sortie : 2017 \/ Contenu : 13 chansons \/ Label : DMB Records<\/p>\n","protected":false},"excerpt":{"rendered":"<p>Apr\u00e8s 12 ans d&#8217;existence, les cuivres et le violon ont disparu. D\u00e9sormais, les cinq gar\u00e7ons de ZiRKA font ce qu&#8217;ils font de mieux : du punk-rock lin\u00e9aire. Chansons : 1. Etwas das bleibt 2. Helden 3. Scheiss Haltestelle 4. Viereinhalb 5. Freiheit Minus Sicherheit 6. Wir schauen zu 7. Gute Zeiten 8. Mensch sein 9. [&hellip;]<\/p>\n","protected":false},"featured_media":3096,"template":"","meta":[],"product_brand":[],"product_cat":[326,335,329],"product_tag":[],"class_list":{"0":"post-3093","1":"product","2":"type-product","3":"status-publish","4":"has-post-thumbnail","6":"product_cat-musique","7":"product_cat-telechargements","8":"product_cat-zirka","10":"first","11":"instock","12":"downloadable","13":"virtual","14":"taxable","15":"purchasable","16":"product-type-simple"},"aioseo_notices":[],"_links":{"self":[{"href":"https:\/\/shop.dmbrecords.ch\/fr\/wp-json\/wp\/v2\/product\/3093","targetHints":{"allow":["GET"]}}],"collection":[{"href":"https:\/\/shop.dmbrecords.ch\/fr\/wp-json\/wp\/v2\/product"}],"about":[{"href":"https:\/\/shop.dmbrecords.ch\/fr\/wp-json\/wp\/v2\/types\/product"}],"wp:featuredmedia":[{"embeddable":true,"href":"https:\/\/shop.dmbrecords.ch\/fr\/wp-json\/wp\/v2\/media\/3096"}],"wp:attachment":[{"href":"https:\/\/shop.dmbrecords.ch\/fr\/wp-json\/wp\/v2\/media?parent=3093"}],"wp:term":[{"taxonomy":"product_brand","embeddable":true,"href":"https:\/\/shop.dmbrecords.ch\/fr\/wp-json\/wp\/v2\/product_brand?post=3093"},{"taxonomy":"product_cat","embeddable":true,"href":"https:\/\/shop.dmbrecords.ch\/fr\/wp-json\/wp\/v2\/product_cat?post=3093"},{"taxonomy":"product_tag","embeddable":true,"href":"https:\/\/shop.dmbrecords.ch\/fr\/wp-json\/wp\/v2\/product_tag?post=3093"}],"curies":[{"name":"wp","href":"https:\/\/api.w.org\/{rel}","templated":true}]}}