{"id":3083,"date":"2017-08-10T10:14:12","date_gmt":"2017-08-10T08:14:12","guid":{"rendered":"https:\/\/shop.dmbrecords.ch\/produkt\/moustache-boys-forgot-how-to-laugh-cd\/"},"modified":"2026-02-26T14:11:12","modified_gmt":"2026-02-26T12:11:12","slug":"moustache-boys-forgot-how-to-laugh-cd","status":"publish","type":"product","link":"https:\/\/shop.dmbrecords.ch\/fr\/produit\/moustache-boys-forgot-how-to-laugh-cd\/","title":{"rendered":"Moustache Boys &#8211; Forgot How To Laugh (CD)"},"content":{"rendered":"<p>M\u00eame si les Thounois ont oubli\u00e9 de rire, ils n&#8217;oublieront pas de sit\u00f4t de faire du rock !<\/p>\n<p>Date de sortie : 2017 \/ Contenu : 4 chansons \/ Label : DMB Records<\/p>\n","protected":false},"excerpt":{"rendered":"<p>Date de sortie : 2017 \/ Contenu : 4 chansons \/ Label : DMB Records<\/p>\n","protected":false},"featured_media":3085,"template":"","meta":[],"product_brand":[],"product_cat":[327,328,330,326],"product_tag":[],"class_list":{"0":"post-3083","1":"product","2":"type-product","3":"status-publish","4":"has-post-thumbnail","6":"product_cat-cds","7":"product_cat-groupes","8":"product_cat-moustache-boys","9":"product_cat-musique","11":"first","12":"instock","13":"sale","14":"taxable","15":"shipping-taxable","16":"purchasable","17":"product-type-simple"},"aioseo_notices":[],"_links":{"self":[{"href":"https:\/\/shop.dmbrecords.ch\/fr\/wp-json\/wp\/v2\/product\/3083","targetHints":{"allow":["GET"]}}],"collection":[{"href":"https:\/\/shop.dmbrecords.ch\/fr\/wp-json\/wp\/v2\/product"}],"about":[{"href":"https:\/\/shop.dmbrecords.ch\/fr\/wp-json\/wp\/v2\/types\/product"}],"wp:featuredmedia":[{"embeddable":true,"href":"https:\/\/shop.dmbrecords.ch\/fr\/wp-json\/wp\/v2\/media\/3085"}],"wp:attachment":[{"href":"https:\/\/shop.dmbrecords.ch\/fr\/wp-json\/wp\/v2\/media?parent=3083"}],"wp:term":[{"taxonomy":"product_brand","embeddable":true,"href":"https:\/\/shop.dmbrecords.ch\/fr\/wp-json\/wp\/v2\/product_brand?post=3083"},{"taxonomy":"product_cat","embeddable":true,"href":"https:\/\/shop.dmbrecords.ch\/fr\/wp-json\/wp\/v2\/product_cat?post=3083"},{"taxonomy":"product_tag","embeddable":true,"href":"https:\/\/shop.dmbrecords.ch\/fr\/wp-json\/wp\/v2\/product_tag?post=3083"}],"curies":[{"name":"wp","href":"https:\/\/api.w.org\/{rel}","templated":true}]}}