{"id":3329,"date":"2026-02-26T14:15:01","date_gmt":"2026-02-26T12:15:01","guid":{"rendered":"https:\/\/shop.dmbrecords.ch\/paiement-saferpay\/"},"modified":"2026-02-26T14:15:01","modified_gmt":"2026-02-26T12:15:01","slug":"paiement-saferpay","status":"publish","type":"page","link":"https:\/\/shop.dmbrecords.ch\/fr\/paiement-saferpay\/","title":{"rendered":"Paiement Saferpay"},"content":{"rendered":"D\u00e9sol\u00e9, donn\u00e9es invalides\n","protected":false},"excerpt":{"rendered":"","protected":false},"author":1,"featured_media":0,"parent":0,"menu_order":0,"comment_status":"closed","ping_status":"closed","template":"","meta":{"footnotes":""},"class_list":["post-3329","page","type-page","status-publish","hentry"],"aioseo_notices":[],"_links":{"self":[{"href":"https:\/\/shop.dmbrecords.ch\/fr\/wp-json\/wp\/v2\/pages\/3329","targetHints":{"allow":["GET"]}}],"collection":[{"href":"https:\/\/shop.dmbrecords.ch\/fr\/wp-json\/wp\/v2\/pages"}],"about":[{"href":"https:\/\/shop.dmbrecords.ch\/fr\/wp-json\/wp\/v2\/types\/page"}],"author":[{"embeddable":true,"href":"https:\/\/shop.dmbrecords.ch\/fr\/wp-json\/wp\/v2\/users\/1"}],"replies":[{"embeddable":true,"href":"https:\/\/shop.dmbrecords.ch\/fr\/wp-json\/wp\/v2\/comments?post=3329"}],"version-history":[{"count":0,"href":"https:\/\/shop.dmbrecords.ch\/fr\/wp-json\/wp\/v2\/pages\/3329\/revisions"}],"wp:attachment":[{"href":"https:\/\/shop.dmbrecords.ch\/fr\/wp-json\/wp\/v2\/media?parent=3329"}],"curies":[{"name":"wp","href":"https:\/\/api.w.org\/{rel}","templated":true}]}}