{"id":3308,"date":"2026-02-26T14:14:54","date_gmt":"2026-02-26T12:14:54","guid":{"rendered":"https:\/\/shop.dmbrecords.ch\/conditions-generales-de-vente\/"},"modified":"2026-02-26T14:14:58","modified_gmt":"2026-02-26T12:14:58","slug":"conditions-generales-de-vente","status":"publish","type":"page","link":"https:\/\/shop.dmbrecords.ch\/fr\/conditions-generales-de-vente\/","title":{"rendered":"CONDITIONS G\u00c9N\u00c9RALES DE VENTE"},"content":{"rendered":"\n<h3 class=\"wp-block-heading\">Conditions g\u00e9n\u00e9rales de vente &#8211; DMB Records Onlineshop<\/h3>\n\n<h1 class=\"has-normal-font-size wp-block-heading\">Les conditions g\u00e9n\u00e9rales de vente peuvent \u00eatre consult\u00e9es ici : <a href=\"https:\/\/shop.dmbrecords.ch\/wp-content\/uploads\/2022\/11\/Allgemeine-Gescha%CC%88ftsbedingungen-DMB-Records-Online.pdf\">CGV DE LA BOUTIQUE EN LIGNE DMB RECORDS<\/a><\/h1>\n","protected":false},"excerpt":{"rendered":"<p>Conditions g\u00e9n\u00e9rales de vente &#8211; DMB Records Onlineshop Les conditions g\u00e9n\u00e9rales de vente peuvent \u00eatre consult\u00e9es ici : CGV DE LA BOUTIQUE EN LIGNE DMB RECORDS<\/p>\n","protected":false},"author":1,"featured_media":0,"parent":0,"menu_order":0,"comment_status":"closed","ping_status":"closed","template":"","meta":{"footnotes":""},"class_list":["post-3308","page","type-page","status-publish","hentry"],"aioseo_notices":[],"_links":{"self":[{"href":"https:\/\/shop.dmbrecords.ch\/fr\/wp-json\/wp\/v2\/pages\/3308","targetHints":{"allow":["GET"]}}],"collection":[{"href":"https:\/\/shop.dmbrecords.ch\/fr\/wp-json\/wp\/v2\/pages"}],"about":[{"href":"https:\/\/shop.dmbrecords.ch\/fr\/wp-json\/wp\/v2\/types\/page"}],"author":[{"embeddable":true,"href":"https:\/\/shop.dmbrecords.ch\/fr\/wp-json\/wp\/v2\/users\/1"}],"replies":[{"embeddable":true,"href":"https:\/\/shop.dmbrecords.ch\/fr\/wp-json\/wp\/v2\/comments?post=3308"}],"version-history":[{"count":0,"href":"https:\/\/shop.dmbrecords.ch\/fr\/wp-json\/wp\/v2\/pages\/3308\/revisions"}],"wp:attachment":[{"href":"https:\/\/shop.dmbrecords.ch\/fr\/wp-json\/wp\/v2\/media?parent=3308"}],"curies":[{"name":"wp","href":"https:\/\/api.w.org\/{rel}","templated":true}]}}